{"id":4070,"date":"2025-01-02T01:48:41","date_gmt":"2025-01-01T17:48:41","guid":{"rendered":"https:\/\/www.jinpinlub.com\/?post_type=product&#038;p=4070"},"modified":"2025-01-02T02:05:48","modified_gmt":"2025-01-01T18:05:48","slug":"tuy-chinh-thiet-bi-boi-tron-vi-khi-nen-cho-may-cua","status":"publish","type":"product","link":"https:\/\/www.jinpinlub.com\/vi\/product\/customize-pneumatic-micro-lubrication-device-for-saw-machine\/","title":{"rendered":"T\u00f9y ch\u1ec9nh thi\u1ebft b\u1ecb b\u00f4i tr\u01a1n kh\u00ed n\u00e9n vi m\u00f4 cho m\u00e1y c\u01b0a"},"content":{"rendered":"<h2>T\u00ednh n\u0103ng<\/h2>\n<p><span id=\"input-sentence~0\">\u2013 D\u1ec5 l\u1eafp \u0111\u1eb7t v\u00e0 b\u1ea3o tr\u00ec: H\u1ec7 th\u1ed1ng b\u00f4i tr\u01a1n vi m\u00f4 n\u00e0y \u0111\u01b0\u1ee3c thi\u1ebft k\u1ebf \u0111\u1ec3 l\u1eafp \u0111\u1eb7t v\u00e0 b\u1ea3o tr\u00ec d\u1ec5 d\u00e0ng, gi\u00fap gi\u1ea3m th\u1eddi gian ch\u1ebft c\u1ee7a m\u00e1y.<br \/>\n\u2013 Kh\u1ea3 n\u0103ng c\u1ea5u h\u00ecnh \u0111a d\u1ea1ng: H\u1ec7 th\u1ed1ng b\u00f4i tr\u01a1n l\u01b0\u1ee3ng t\u1ed1i thi\u1ec3u, v\u1edbi thi\u1ebft k\u1ebf d\u1ea1ng m\u00f4-\u0111un, c\u00f3 th\u1ec3 \u0111\u01b0\u1ee3c \u00e1p d\u1ee5ng cho nhi\u1ec1u \u1ee9ng d\u1ee5ng c\u00f4ng nghi\u1ec7p kh\u00e1c nhau, t\u1eeb \u0111\u01a1n gi\u1ea3n \u0111\u1ebfn ph\u1ee9c t\u1ea1p v\u00e0 c\u00f3 th\u1ec3 t\u00f9y ch\u1ec9nh theo nhu c\u1ea7u, b\u1ea5t k\u1ec3 c\u1ed5ng ra b\u00f4i tr\u01a1n hay dung t\u00edch b\u00ecnh ch\u1ee9a.<\/span><span id=\"input-sentence~1\"><br \/>\n<span id=\"input-sentence~0\">&#8211; <\/span>Kh\u1ea3 n\u0103ng th\u00edch \u1ee9ng m\u1ea1nh m\u1ebd: D\u1ea7u d\u1eabn h\u01b0\u1edbng m\u00e1y c\u00f4ng c\u1ee5 VG 68 nh\u01b0ng c\u0169ng c\u00f3 th\u1ec3 ho\u1ea1t \u0111\u1ed9ng c\u00f9ng v\u1edbi c\u00e1c ch\u1ea5t l\u1ecfng c\u00f3 \u0111\u1ed9 nh\u1edbt kh\u00e1c nhau trong ph\u1ea1m vi th\u00f4ng s\u1ed1 cho c\u00e1c \u1ee9ng d\u1ee5ng c\u00f4ng nghi\u1ec7p kh\u00e1c nhau.<br \/>\n<span id=\"input-sentence~0\">&#8211; <\/span>Kh\u1ea3 n\u0103ng th\u00edch \u1ee9ng v\u1edbi nhi\u1ec7t \u0111\u1ed9: H\u1ec7 th\u1ed1ng l\u00e0m m\u00e1t b\u1eb1ng s\u01b0\u01a1ng d\u1ea7u n\u00e0y \u0111\u01b0\u1ee3c thi\u1ebft k\u1ebf \u0111\u1ec3 th\u00edch \u1ee9ng v\u1edbi nh\u1eefng thay \u0111\u1ed5i nhi\u1ec7t \u0111\u1ed9 kh\u1eafc nghi\u1ec7t v\u00e0 \u0111\u1ea3m b\u1ea3o t\u00ednh \u1ed5n \u0111\u1ecbnh v\u00e0 \u0111\u1ed9 tin c\u1eady trong c\u00e1c m\u00f4i tr\u01b0\u1eddng kh\u00e1c nhau trong ph\u1ea1m vi nhi\u1ec7t \u0111\u1ed9 ho\u1ea1t \u0111\u1ed9ng.<\/span><\/p>\n<h2>\u0110\u1eb7c \u0111i\u1ec3m k\u1ef9 thu\u1eadt<\/h2>\n<table>\n<tbody>\n<tr>\n<td>Cung c\u1ea5p \u00e1p su\u1ea5t kh\u00f4ng kh\u00ed<\/td>\n<td>Kh\u00f4ng kh\u00ed n\u00e9n s\u1ea1ch, kh\u00f4, 4~7 bar, t\u1ed1i thi\u1ec3u 708 LPM<\/td>\n<\/tr>\n<tr>\n<td>\u0110\u1ed9 nh\u1edbt c\u1ee7a b\u01a1m<\/td>\n<td>50~1000 SUS<\/td>\n<\/tr>\n<tr>\n<td>C\u00f4ng su\u1ea5t b\u01a1m \u1edf h\u00e0nh tr\u00ecnh \u0111\u1ea7y \u0111\u1ee7<\/td>\n<td>0,033 mL (chu\u1ea9n 1 gi\u1ecdt), 0,100 mL (chu\u1ea9n 3 gi\u1ecdt)<\/td>\n<\/tr>\n<tr>\n<td>T\u1ed1c \u0111\u1ed9 \u0111\u1ea7u ra c\u1ee7a m\u00e1y b\u01a1m<\/td>\n<td>0~396mL\/gi\u1edd (chu\u1ea9n 1 gi\u1ecdt), 0~1200mL\/gi\u1edd (chu\u1ea9n 3 gi\u1ecdt)<\/td>\n<\/tr>\n<tr>\n<td>L\u01b0u l\u01b0\u1ee3ng kh\u00f4ng kh\u00ed<\/td>\n<td>0~4 SCFM cho m\u1ed7i \u0111\u1ea7u ra kh\u00f4ng kh\u00ed v\u00e0 d\u1ea7u, 1~2 SCFM \u0111i\u1ec3n h\u00ecnh<\/td>\n<\/tr>\n<tr>\n<td>M\u00e1y ph\u00e1t xung<\/td>\n<td>5~50 xung\/ph\u00fat, T\u1ed1i \u0111a 200 xung\/ph\u00fat (kh\u00f4ng khuy\u1ebfn ngh\u1ecb)<\/td>\n<\/tr>\n<tr>\n<td>Nhi\u1ec7t \u0111\u1ed9 ho\u1ea1t \u0111\u1ed9ng<\/td>\n<td>0\u2103 ~ +50\u02daC<\/td>\n<\/tr>\n<tr>\n<td>Nhi\u1ec7t \u0111\u1ed9 l\u01b0u tr\u1eef<\/td>\n<td>(-16\u2103 ~ +70\u02daC)<\/td>\n<\/tr>\n<tr>\n<td>B\u00ecnh ch\u1ee9a ch\u1ea5t l\u1ecfng<\/td>\n<td>C\u00f3 th\u1ec3 t\u00f9y ch\u1ec9nh, ti\u00eau chu\u1ea9n 0,5L, 1,0L, 2L, 4L<\/td>\n<\/tr>\n<\/tbody>\n<\/table>\n<h2>\u1ee8ng d\u1ee5ng<\/h2>\n<p>\u2013 Trung t\u00e2m gia c\u00f4ng\u200c: Trong c\u00e1c trung t\u00e2m gia c\u00f4ng CNC, h\u1ec7 th\u1ed1ng b\u00f4i tr\u01a1n vi m\u00f4 MQL thay th\u1ebf cho b\u00f4i tr\u01a1n nh\u0169 t\u01b0\u01a1ng truy\u1ec1n th\u1ed1ng, gi\u1ea3m thi\u1ec3u v\u1ea5n \u0111\u1ec1 x\u1eed l\u00fd ch\u1ea5t th\u1ea3i l\u1ecfng v\u00e0 b\u1ea3o v\u1ec7 m\u00f4i tr\u01b0\u1eddng.<br \/>\n\u200c- M\u00e1y ti\u1ec7n\u200c: Tr\u00ean m\u00e1y ti\u1ec7n, h\u1ec7 th\u1ed1ng MQL l\u00e0m gi\u1ea3m s\u1ef1 l\u00e3ng ph\u00ed d\u1ea7u b\u00f4i tr\u01a1n v\u00e0 c\u00e1c v\u1ea5n \u0111\u1ec1 v\u1ec7 sinh do l\u01b0\u1ee3ng l\u1edbn d\u1ea7u b\u00f4i tr\u01a1n phun g\u00e2y ra. Th\u00f4ng qua vi\u1ec7c b\u00f4i tr\u01a1n vi m\u00f4, ma s\u00e1t gi\u1eefa d\u1ee5ng c\u1ee5 v\u00e0 ph\u00f4i \u0111\u01b0\u1ee3c gi\u1ea3m xu\u1ed1ng, hi\u1ec7u su\u1ea5t c\u1eaft \u0111\u01b0\u1ee3c c\u1ea3i thi\u1ec7n.<br \/>\n\u2013 M\u00e1y c\u01b0a\u200c: Tr\u00ean m\u00e1y c\u01b0a, h\u1ec7 th\u1ed1ng MQL thay th\u1ebf cho ph\u01b0\u01a1ng ph\u00e1p b\u00f4i tr\u01a1n nh\u0169 t\u01b0\u01a1ng truy\u1ec1n th\u1ed1ng, c\u1ea3i thi\u1ec7n m\u00f4i tr\u01b0\u1eddng l\u00e0m vi\u1ec7c, gi\u1ea3m thi\u1ec3u c\u00e1c v\u1ea5n \u0111\u1ec1 v\u1ec1 b\u00f4i tr\u01a1n k\u00e9m v\u00e0 m\u00e0i m\u00f2n d\u1ee5ng c\u1ee5.<br \/>\n\u2013 Gia c\u00f4ng nh\u00f4m v\u00e0 \u0111\u1ed3ng\u200c: H\u1ec7 th\u1ed1ng MQL d\u00f9ng \u0111\u1ec3 c\u1eaft v\u00e0 c\u01b0a thanh nh\u00f4m v\u00e0 thanh \u0111\u1ed3ng, c\u1eaft v\u00e0 c\u01b0a c\u00e1c th\u00f4ng s\u1ed1 k\u1ef9 thu\u1eadt kh\u00e1c nhau c\u1ee7a th\u1ecfi nh\u00f4m v\u00e0 \u0111\u1ed3ng, phay th\u1ecfi t\u1ea5m v\u00e0 c\u1eaft c\u00e1c thanh \u0111\u1ecbnh h\u00ecnh sau khi \u0111\u00f9n b\u1eb1ng m\u00e1y \u0111\u00f9n. Tu\u1ed5i th\u1ecd c\u1ee7a d\u1ee5ng c\u1ee5 \u0111\u01b0\u1ee3c k\u00e9o d\u00e0i g\u1ea5p 2-3 l\u1ea7n v\u00e0 hi\u1ec7u qu\u1ea3 s\u1ea3n xu\u1ea5t gia c\u00f4ng \u0111\u01b0\u1ee3c t\u0103ng l\u00ean h\u01a1n 50%.<\/p>\n<h2>H\u01b0\u1edbng d\u1eabn s\u1eed d\u1ee5ng<\/h2>\n<div class=\"sdm_download_button_box_default\"><div class=\"sdm_download_link\"><a href=\"https:\/\/www.jinpinlub.com\/vi\/?sdm_process_download=1&download_id=4054\" class=\"sdm_download white\" title=\"Ri\u00eang t\u01b0: Minimal Quantity Lubrication\" target=\"&quot;_blank&quot;\">Xem B\u1ea3ng d\u1eef li\u1ec7u - B\u00f4i tr\u01a1n s\u1ed1 l\u01b0\u1ee3ng t\u1ed1i thi\u1ec3u<\/a><\/div><\/div>","protected":false},"excerpt":{"rendered":"<p>H\u1ec7 th\u1ed1ng MQL (B\u00f4i tr\u01a1n l\u01b0\u1ee3ng t\u1ed1i thi\u1ec3u) l\u00e0 thi\u1ebft b\u1ecb \u0111\u1ea1t \u0111\u01b0\u1ee3c hi\u1ec7u qu\u1ea3 b\u00f4i tr\u01a1n v\u00e0 l\u00e0m m\u00e1t b\u1eb1ng c\u00e1ch phun ch\u1ea5t b\u00f4i tr\u01a1n d\u01b0\u1edbi d\u1ea1ng phun s\u01b0\u01a1ng ho\u1eb7c phun m\u1ecbn tr\u1ef1c ti\u1ebfp v\u00e0o khu v\u1ef1c x\u1eed l\u00fd, \u0111\u1ed3ng th\u1eddi gi\u1ea3m vi\u1ec7c s\u1eed d\u1ee5ng ch\u1ea5t l\u00e0m m\u00e1t truy\u1ec1n th\u1ed1ng tr\u00ean di\u1ec7n r\u1ed9ng.<\/p>","protected":false},"featured_media":4071,"template":"","meta":{"ocean_post_layout":"","ocean_both_sidebars_style":"","ocean_both_sidebars_content_width":0,"ocean_both_sidebars_sidebars_width":0,"ocean_sidebar":"0","ocean_second_sidebar":"0","ocean_disable_margins":"enable","ocean_add_body_class":"","ocean_shortcode_before_top_bar":"","ocean_shortcode_after_top_bar":"","ocean_shortcode_before_header":"","ocean_shortcode_after_header":"","ocean_has_shortcode":"","ocean_shortcode_after_title":"","ocean_shortcode_before_footer_widgets":"","ocean_shortcode_after_footer_widgets":"","ocean_shortcode_before_footer_bottom":"","ocean_shortcode_after_footer_bottom":"","ocean_display_top_bar":"default","ocean_display_header":"default","ocean_header_style":"","ocean_center_header_left_menu":"0","ocean_custom_header_template":"0","ocean_custom_logo":0,"ocean_custom_retina_logo":0,"ocean_custom_logo_max_width":0,"ocean_custom_logo_tablet_max_width":0,"ocean_custom_logo_mobile_max_width":0,"ocean_custom_logo_max_height":0,"ocean_custom_logo_tablet_max_height":0,"ocean_custom_logo_mobile_max_height":0,"ocean_header_custom_menu":"0","ocean_menu_typo_font_family":"0","ocean_menu_typo_font_subset":"","ocean_menu_typo_font_size":0,"ocean_menu_typo_font_size_tablet":0,"ocean_menu_typo_font_size_mobile":0,"ocean_menu_typo_font_size_unit":"px","ocean_menu_typo_font_weight":"","ocean_menu_typo_font_weight_tablet":"","ocean_menu_typo_font_weight_mobile":"","ocean_menu_typo_transform":"","ocean_menu_typo_transform_tablet":"","ocean_menu_typo_transform_mobile":"","ocean_menu_typo_line_height":0,"ocean_menu_typo_line_height_tablet":0,"ocean_menu_typo_line_height_mobile":0,"ocean_menu_typo_line_height_unit":"","ocean_menu_typo_spacing":0,"ocean_menu_typo_spacing_tablet":0,"ocean_menu_typo_spacing_mobile":0,"ocean_menu_typo_spacing_unit":"","ocean_menu_link_color":"","ocean_menu_link_color_hover":"","ocean_menu_link_color_active":"","ocean_menu_link_background":"","ocean_menu_link_hover_background":"","ocean_menu_link_active_background":"","ocean_menu_social_links_bg":"","ocean_menu_social_hover_links_bg":"","ocean_menu_social_links_color":"","ocean_menu_social_hover_links_color":"","ocean_disable_title":"default","ocean_disable_heading":"default","ocean_post_title":"","ocean_post_subheading":"","ocean_post_title_style":"","ocean_post_title_background_color":"","ocean_post_title_background":0,"ocean_post_title_bg_image_position":"","ocean_post_title_bg_image_attachment":"","ocean_post_title_bg_image_repeat":"","ocean_post_title_bg_image_size":"","ocean_post_title_height":0,"ocean_post_title_bg_overlay":0.5,"ocean_post_title_bg_overlay_color":"","ocean_disable_breadcrumbs":"default","ocean_breadcrumbs_color":"","ocean_breadcrumbs_separator_color":"","ocean_breadcrumbs_links_color":"","ocean_breadcrumbs_links_hover_color":"","ocean_display_footer_widgets":"default","ocean_display_footer_bottom":"default","ocean_custom_footer_template":"0","osh_disable_topbar_sticky":"default","osh_disable_header_sticky":"default","osh_sticky_header_style":"default","osh_sticky_header_effect":"","osh_custom_sticky_logo":0,"osh_custom_retina_sticky_logo":0,"osh_custom_sticky_logo_height":0,"osh_background_color":"","osh_links_color":"","osh_links_hover_color":"","osh_links_active_color":"","osh_links_bg_color":"","osh_links_hover_bg_color":"","osh_links_active_bg_color":"","osh_menu_social_links_color":"","osh_menu_social_hover_links_color":""},"product_brand":[],"product_cat":[46],"product_tag":[385,383,381,384,389],"class_list":{"0":"post-4070","1":"product","2":"type-product","3":"status-publish","4":"has-post-thumbnail","6":"product_cat-oil-mist-lubrication-systems","7":"product_tag-cooling-lubrication-system","8":"product_tag-micro-lubrication-pump","9":"product_tag-mql-lubrication-pump","10":"product_tag-oil-mist-lubrication-system","11":"product_tag-pneumatic-oil-mist-pump","13":"entry","14":"has-media","16":"first","17":"instock","18":"shipping-taxable","19":"product-type-external","20":"col","21":"span_1_of_3","22":"owp-content-center","23":"owp-thumbs-layout-horizontal","24":"owp-btn-very-big","25":"owp-tabs-layout-horizontal"},"_links":{"self":[{"href":"https:\/\/www.jinpinlub.com\/vi\/wp-json\/wp\/v2\/product\/4070","targetHints":{"allow":["GET"]}}],"collection":[{"href":"https:\/\/www.jinpinlub.com\/vi\/wp-json\/wp\/v2\/product"}],"about":[{"href":"https:\/\/www.jinpinlub.com\/vi\/wp-json\/wp\/v2\/types\/product"}],"wp:featuredmedia":[{"embeddable":true,"href":"https:\/\/www.jinpinlub.com\/vi\/wp-json\/wp\/v2\/media\/4071"}],"wp:attachment":[{"href":"https:\/\/www.jinpinlub.com\/vi\/wp-json\/wp\/v2\/media?parent=4070"}],"wp:term":[{"taxonomy":"product_brand","embeddable":true,"href":"https:\/\/www.jinpinlub.com\/vi\/wp-json\/wp\/v2\/product_brand?post=4070"},{"taxonomy":"product_cat","embeddable":true,"href":"https:\/\/www.jinpinlub.com\/vi\/wp-json\/wp\/v2\/product_cat?post=4070"},{"taxonomy":"product_tag","embeddable":true,"href":"https:\/\/www.jinpinlub.com\/vi\/wp-json\/wp\/v2\/product_tag?post=4070"}],"curies":[{"name":"wp","href":"https:\/\/api.w.org\/{rel}","templated":true}]}}