{"id":4075,"date":"2025-01-02T03:59:02","date_gmt":"2025-01-01T19:59:02","guid":{"rendered":"https:\/\/www.jinpinlub.com\/?post_type=product&#038;p=4075"},"modified":"2025-01-02T04:17:15","modified_gmt":"2025-01-01T20:17:15","slug":"bom-boi-tron-so-luong-toi-thieu-tuy-chinh-de-khoan-lo","status":"publish","type":"product","link":"https:\/\/www.jinpinlub.com\/vi\/product\/custom-minimal-quantity-lubrication-pump-for-hole-drilling\/","title":{"rendered":"B\u01a1m b\u00f4i tr\u01a1n s\u1ed1 l\u01b0\u1ee3ng t\u1ed1i thi\u1ec3u t\u00f9y ch\u1ec9nh cho khoan l\u1ed7"},"content":{"rendered":"<h2>T\u00ednh n\u0103ng<\/h2>\n<p>1. Dung t\u00edch b\u00ecnh ch\u1ee9a: H\u1ec7 th\u1ed1ng b\u00f4i tr\u01a1n s\u1ed1 l\u01b0\u1ee3ng t\u1ed1i thi\u1ec3u MLS cung c\u1ea5p c\u00e1c b\u00ecnh ch\u1ee9a c\u00f3 dung t\u00edch kh\u00e1c nhau, v\u1edbi dung t\u00edch ti\u00eau chu\u1ea9n l\u00e0 05L, 1L, 2L, 4L, ng\u01b0\u1eddi d\u00f9ng c\u00f3 th\u1ec3 l\u1ef1a ch\u1ecdn b\u00ecnh ch\u1ee9a ph\u00f9 h\u1ee3p d\u1ef1a tr\u00ean nhu c\u1ea7u s\u1eed d\u1ee5ng th\u1ef1c t\u1ebf.<br \/>\n2. Ki\u1ec3m so\u00e1t l\u01b0u l\u01b0\u1ee3ng kh\u00ed: L\u01b0u l\u01b0\u1ee3ng kh\u00ed c\u1ee7a m\u00e1y b\u01a1m phun \u0111\u01b0\u1ee3c ki\u1ec3m so\u00e1t b\u1eb1ng v\u00edt \u0111\u1ecbnh l\u01b0\u1ee3ng kh\u00ed, m\u1eadt \u0111\u1ed9 v\u00e0 kho\u1ea3ng c\u00e1ch phun \u0111\u01b0\u1ee3c x\u00e1c \u0111\u1ecbnh b\u1eb1ng v\u00edt \u0111\u1ecbnh l\u01b0\u1ee3ng kh\u00ed v\u00e0 n\u00fam \u0111i\u1ec1u ch\u1ec9nh h\u00e0nh tr\u00ecnh b\u01a1m.<br \/>\n3. \u0110i\u1ec1u ch\u1ec9nh t\u1ea7n s\u1ed1 m\u00e1y ph\u00e1t xung: M\u00e1y ph\u00e1t xung c\u1ee7a h\u1ec7 th\u1ed1ng b\u00f4i tr\u01a1n l\u01b0\u1ee3ng t\u1ed1i thi\u1ec3u MLS l\u00e0 b\u1ed9 h\u1eb9n gi\u1edd kh\u00ed n\u00e9n bi\u1ebfn thi\u00ean \u0111\u01b0\u1ee3c thi\u1ebft k\u1ebf v\u00e0 s\u1ea3n xu\u1ea5t \u0111\u1eb7c bi\u1ec7t d\u00f9ng \u0111\u1ec3 ki\u1ec3m so\u00e1t t\u1ed1c \u0111\u1ed9 tu\u1ea7n ho\u00e0n c\u1ee7a m\u00e1y b\u01a1m, v\u1edbi t\u1ea7n su\u1ea5t khuy\u1ebfn ngh\u1ecb l\u00e0 5-50 xung m\u1ed7i ph\u00fat.<br \/>\n4. \u0110\u1ea7u ra \u0111i\u1ec1u khi\u1ec3n van \u0111i\u1ec7n t\u1eeb: M\u1ea1ch kh\u00ed n\u00e9n c\u1ee7a b\u00f4i tr\u01a1n l\u01b0\u1ee3ng t\u1ed1i thi\u1ec3u MLS c\u0169ng c\u00f3 th\u1ec3 \u0111\u01b0\u1ee3c \u0111i\u1ec1u khi\u1ec3n b\u1eb1ng van \u0111i\u1ec7n t\u1eeb v\u00e0 t\u1ea7n s\u1ed1 kh\u00ed \u0111\u1ea7u v\u00e0o c\u00f3 th\u1ec3 \u0111\u01b0\u1ee3c c\u00e0i \u0111\u1eb7t \u0111\u1ec3 \u0111\u1ea1t \u0111\u01b0\u1ee3c kh\u1ea3 n\u0103ng \u0111i\u1ec1u khi\u1ec3n ch\u00ednh x\u00e1c t\u1ea7n s\u1ed1 \u0111\u1ea7u ra c\u1ee7a b\u01a1m phun s\u01b0\u01a1ng th\u00f4ng qua van \u0111i\u1ec7n t\u1eeb.<\/p>\n<h2>\u0110\u1eb7c \u0111i\u1ec3m k\u1ef9 thu\u1eadt<\/h2>\n<table>\n<tbody>\n<tr>\n<td>Cung c\u1ea5p \u00e1p su\u1ea5t kh\u00f4ng kh\u00ed<\/td>\n<td>Kh\u00f4ng kh\u00ed n\u00e9n s\u1ea1ch, kh\u00f4, 4~7 bar, t\u1ed1i thi\u1ec3u 708 LPM<\/td>\n<\/tr>\n<tr>\n<td>\u0110\u1ed9 nh\u1edbt c\u1ee7a b\u01a1m<\/td>\n<td>50~1000 SUS<\/td>\n<\/tr>\n<tr>\n<td>C\u00f4ng su\u1ea5t b\u01a1m \u1edf h\u00e0nh tr\u00ecnh \u0111\u1ea7y \u0111\u1ee7<\/td>\n<td>0,033 mL (chu\u1ea9n 1 gi\u1ecdt), 0,100 mL (chu\u1ea9n 3 gi\u1ecdt)<\/td>\n<\/tr>\n<tr>\n<td>T\u1ed1c \u0111\u1ed9 \u0111\u1ea7u ra c\u1ee7a m\u00e1y b\u01a1m<\/td>\n<td>0~396mL\/gi\u1edd (chu\u1ea9n 1 gi\u1ecdt), 0~1200mL\/gi\u1edd (chu\u1ea9n 3 gi\u1ecdt)<\/td>\n<\/tr>\n<tr>\n<td>L\u01b0u l\u01b0\u1ee3ng kh\u00f4ng kh\u00ed<\/td>\n<td>0~4 SCFM cho m\u1ed7i \u0111\u1ea7u ra kh\u00f4ng kh\u00ed v\u00e0 d\u1ea7u, 1~2 SCFM \u0111i\u1ec3n h\u00ecnh<\/td>\n<\/tr>\n<tr>\n<td>M\u00e1y ph\u00e1t xung<\/td>\n<td>5~50 xung\/ph\u00fat, T\u1ed1i \u0111a 200 xung\/ph\u00fat (kh\u00f4ng khuy\u1ebfn ngh\u1ecb)<\/td>\n<\/tr>\n<tr>\n<td>Nhi\u1ec7t \u0111\u1ed9 ho\u1ea1t \u0111\u1ed9ng<\/td>\n<td>0\u2103 ~ +50\u02daC<\/td>\n<\/tr>\n<tr>\n<td>Nhi\u1ec7t \u0111\u1ed9 l\u01b0u tr\u1eef<\/td>\n<td>(-16\u2103 ~ +70\u02daC)<\/td>\n<\/tr>\n<tr>\n<td>B\u00ecnh ch\u1ee9a ch\u1ea5t l\u1ecfng<\/td>\n<td>C\u00f3 th\u1ec3 t\u00f9y ch\u1ec9nh, ti\u00eau chu\u1ea9n 0,5L, 1,0L, 2L, 4L<\/td>\n<\/tr>\n<\/tbody>\n<\/table>\n<h2>V\u00f2i phun<\/h2>\n<p>\u2013 H\u1ec7 th\u1ed1ng MQL v\u1edbi v\u00f2i phun nh\u1ef1a d\u1ebbo<br \/>\n\u01afu \u0111i\u1ec3m: D\u1ec5 d\u00e0ng c\u0103n ch\u1ec9nh v\u1ecb tr\u00ed c\u1ea7n phun, kh\u00f4ng b\u1ecb c\u1ee9ng khi u\u1ed1n cong nhi\u1ec1u l\u1ea7n th\u00e0nh nhi\u1ec1u h\u00ecnh d\u1ea1ng kh\u00e1c nhau. Nh\u01b0\u1ee3c \u0111i\u1ec3m: D\u1ec5 b\u1ecb ch\u1ea1m v\u00e0o v\u00e0 d\u1ecbch chuy\u1ec3n ra kh\u1ecfi v\u1ecb tr\u00ed. \u0110\u1ea7u phun h\u00ecnh n\u00f3n, g\u00f3c phun kho\u1ea3ng 15-20 \u0111\u1ed9.<br \/>\n\u2013 H\u1ec7 th\u1ed1ng MQL v\u1edbi v\u00f2i phun b\u1eb1ng \u0111\u1ed3ng b\u00e1n c\u1ee9ng<br \/>\n\u01afu \u0111i\u1ec3m: \u0110\u1ea1t \u0111\u01b0\u1ee3c s\u1ef1 c\u00e2n b\u1eb1ng t\u1ed1t gi\u1eefa \u0111\u1ed9 m\u1ec1m d\u1ebbo v\u00e0 \u0111\u1ed9 c\u1ee9ng, d\u1ec5 u\u1ed1n cong v\u00e0 \u0111\u00fac th\u00e0nh m\u1ed9t h\u00ecnh d\u1ea1ng nh\u1ea5t \u0111\u1ecbnh, v\u00e0 c\u00f3 th\u1ec3 gi\u1eef nguy\u00ean h\u00ecnh d\u1ea1ng khi ch\u1ecbu t\u00e1c \u0111\u1ed9ng l\u1ef1c v\u1eeba ph\u1ea3i. Nh\u01b0\u1ee3c \u0111i\u1ec3m: U\u1ed1n cong nhi\u1ec1u l\u1ea7n s\u1ebd d\u1eabn \u0111\u1ebfn qu\u00e1 tr\u00ecnh t\u00f4i c\u1ee9ng khi l\u00e0m vi\u1ec7c, v\u00e0 cu\u1ed1i c\u00f9ng th\u00e2n v\u00f2i phun c\u00f3 th\u1ec3 b\u1ecb g\u00e3y. \u0110\u1ea7u phun h\u00ecnh n\u00f3n, v\u1edbi g\u00f3c bao g\u1ed3m kho\u1ea3ng 15-20 \u0111\u1ed9.<br \/>\n\u2013 H\u1ec7 th\u1ed1ng MQL v\u1edbi v\u00f2i phun b\u1eb1ng th\u00e9p kh\u00f4ng g\u1ec9<br \/>\n\u01afu \u0111i\u1ec3m: \u0110\u1ed9 c\u1ee9ng t\u1ed1t, kh\u00f4ng d\u1ec5 b\u1ecb cong v\u00eanh hay bi\u1ebfn d\u1ea1ng, th\u00edch h\u1ee3p \u0111\u1ec3 \u0111\u1eb7t c\u1ed1 \u0111\u1ecbnh v\u00e0 ch\u1ecbu \u0111\u01b0\u1ee3c l\u1ef1c l\u1edbn. Nh\u01b0\u1ee3c \u0111i\u1ec3m: \u0110\u1ea7u phun h\u00ecnh n\u00f3n, g\u00f3c phun kho\u1ea3ng 15-20 \u0111\u1ed9.<\/p>\n<h2>H\u01b0\u1edbng d\u1eabn s\u1eed d\u1ee5ng<\/h2>\n<div class=\"sdm_download_button_box_default\"><div class=\"sdm_download_link\"><a href=\"https:\/\/www.jinpinlub.com\/vi\/?sdm_process_download=1&download_id=4054\" class=\"sdm_download white\" title=\"Ri\u00eang t\u01b0: Minimal Quantity Lubrication\" target=\"&quot;_blank&quot;\">Xem B\u1ea3ng d\u1eef li\u1ec7u - B\u00f4i tr\u01a1n s\u1ed1 l\u01b0\u1ee3ng t\u1ed1i thi\u1ec3u<\/a><\/div><\/div>","protected":false},"excerpt":{"rendered":"<p>H\u1ec7 th\u1ed1ng b\u00f4i tr\u01a1n s\u1ed1 l\u01b0\u1ee3ng t\u1ed1i thi\u1ec3u MQL s\u1eed d\u1ee5ng b\u01a1m d\u1ecbch chuy\u1ec3n t\u00edch c\u1ef1c, ho\u1ea1t \u0111\u1ed9ng b\u1eb1ng kh\u00ed n\u00e9n. Thi\u1ebft k\u1ebf m\u00f4-\u0111un h\u1ed7 tr\u1ee3 t\u00f9y ch\u1ec9nh, v\u1edbi \u0111\u1ea7u ra b\u01a1m ch\u00ednh x\u00e1c c\u00f3 th\u1ec3 \u0111i\u1ec1u ch\u1ec9nh th\u00f4ng qua v\u00edt \u0111o kh\u00ed, n\u00fam \u0111i\u1ec1u ch\u1ec9nh h\u00e0nh tr\u00ecnh b\u01a1m.<\/p>","protected":false},"featured_media":4079,"template":"","meta":{"ocean_post_layout":"","ocean_both_sidebars_style":"","ocean_both_sidebars_content_width":0,"ocean_both_sidebars_sidebars_width":0,"ocean_sidebar":"0","ocean_second_sidebar":"0","ocean_disable_margins":"enable","ocean_add_body_class":"","ocean_shortcode_before_top_bar":"","ocean_shortcode_after_top_bar":"","ocean_shortcode_before_header":"","ocean_shortcode_after_header":"","ocean_has_shortcode":"","ocean_shortcode_after_title":"","ocean_shortcode_before_footer_widgets":"","ocean_shortcode_after_footer_widgets":"","ocean_shortcode_before_footer_bottom":"","ocean_shortcode_after_footer_bottom":"","ocean_display_top_bar":"default","ocean_display_header":"default","ocean_header_style":"","ocean_center_header_left_menu":"0","ocean_custom_header_template":"0","ocean_custom_logo":0,"ocean_custom_retina_logo":0,"ocean_custom_logo_max_width":0,"ocean_custom_logo_tablet_max_width":0,"ocean_custom_logo_mobile_max_width":0,"ocean_custom_logo_max_height":0,"ocean_custom_logo_tablet_max_height":0,"ocean_custom_logo_mobile_max_height":0,"ocean_header_custom_menu":"0","ocean_menu_typo_font_family":"0","ocean_menu_typo_font_subset":"","ocean_menu_typo_font_size":0,"ocean_menu_typo_font_size_tablet":0,"ocean_menu_typo_font_size_mobile":0,"ocean_menu_typo_font_size_unit":"px","ocean_menu_typo_font_weight":"","ocean_menu_typo_font_weight_tablet":"","ocean_menu_typo_font_weight_mobile":"","ocean_menu_typo_transform":"","ocean_menu_typo_transform_tablet":"","ocean_menu_typo_transform_mobile":"","ocean_menu_typo_line_height":0,"ocean_menu_typo_line_height_tablet":0,"ocean_menu_typo_line_height_mobile":0,"ocean_menu_typo_line_height_unit":"","ocean_menu_typo_spacing":0,"ocean_menu_typo_spacing_tablet":0,"ocean_menu_typo_spacing_mobile":0,"ocean_menu_typo_spacing_unit":"","ocean_menu_link_color":"","ocean_menu_link_color_hover":"","ocean_menu_link_color_active":"","ocean_menu_link_background":"","ocean_menu_link_hover_background":"","ocean_menu_link_active_background":"","ocean_menu_social_links_bg":"","ocean_menu_social_hover_links_bg":"","ocean_menu_social_links_color":"","ocean_menu_social_hover_links_color":"","ocean_disable_title":"default","ocean_disable_heading":"default","ocean_post_title":"","ocean_post_subheading":"","ocean_post_title_style":"","ocean_post_title_background_color":"","ocean_post_title_background":0,"ocean_post_title_bg_image_position":"","ocean_post_title_bg_image_attachment":"","ocean_post_title_bg_image_repeat":"","ocean_post_title_bg_image_size":"","ocean_post_title_height":0,"ocean_post_title_bg_overlay":0.5,"ocean_post_title_bg_overlay_color":"","ocean_disable_breadcrumbs":"default","ocean_breadcrumbs_color":"","ocean_breadcrumbs_separator_color":"","ocean_breadcrumbs_links_color":"","ocean_breadcrumbs_links_hover_color":"","ocean_display_footer_widgets":"default","ocean_display_footer_bottom":"default","ocean_custom_footer_template":"0","osh_disable_topbar_sticky":"default","osh_disable_header_sticky":"default","osh_sticky_header_style":"default","osh_sticky_header_effect":"","osh_custom_sticky_logo":0,"osh_custom_retina_sticky_logo":0,"osh_custom_sticky_logo_height":0,"osh_background_color":"","osh_links_color":"","osh_links_hover_color":"","osh_links_active_color":"","osh_links_bg_color":"","osh_links_hover_bg_color":"","osh_links_active_bg_color":"","osh_menu_social_links_color":"","osh_menu_social_hover_links_color":""},"product_brand":[],"product_cat":[46],"product_tag":[385,386,382,389,390],"class_list":{"0":"post-4075","1":"product","2":"type-product","3":"status-publish","4":"has-post-thumbnail","6":"product_cat-oil-mist-lubrication-systems","7":"product_tag-cooling-lubrication-system","8":"product_tag-micro-lubrication-system","9":"product_tag-minimal-quantity-lubrication","10":"product_tag-pneumatic-oil-mist-pump","11":"product_tag-pneumatic-spray-pump","13":"entry","14":"has-media","16":"first","17":"instock","18":"shipping-taxable","19":"product-type-external","20":"col","21":"span_1_of_3","22":"owp-content-center","23":"owp-thumbs-layout-horizontal","24":"owp-btn-very-big","25":"owp-tabs-layout-horizontal"},"_links":{"self":[{"href":"https:\/\/www.jinpinlub.com\/vi\/wp-json\/wp\/v2\/product\/4075","targetHints":{"allow":["GET"]}}],"collection":[{"href":"https:\/\/www.jinpinlub.com\/vi\/wp-json\/wp\/v2\/product"}],"about":[{"href":"https:\/\/www.jinpinlub.com\/vi\/wp-json\/wp\/v2\/types\/product"}],"wp:featuredmedia":[{"embeddable":true,"href":"https:\/\/www.jinpinlub.com\/vi\/wp-json\/wp\/v2\/media\/4079"}],"wp:attachment":[{"href":"https:\/\/www.jinpinlub.com\/vi\/wp-json\/wp\/v2\/media?parent=4075"}],"wp:term":[{"taxonomy":"product_brand","embeddable":true,"href":"https:\/\/www.jinpinlub.com\/vi\/wp-json\/wp\/v2\/product_brand?post=4075"},{"taxonomy":"product_cat","embeddable":true,"href":"https:\/\/www.jinpinlub.com\/vi\/wp-json\/wp\/v2\/product_cat?post=4075"},{"taxonomy":"product_tag","embeddable":true,"href":"https:\/\/www.jinpinlub.com\/vi\/wp-json\/wp\/v2\/product_tag?post=4075"}],"curies":[{"name":"wp","href":"https:\/\/api.w.org\/{rel}","templated":true}]}}