{"id":4080,"date":"2025-01-02T04:38:57","date_gmt":"2025-01-01T20:38:57","guid":{"rendered":"https:\/\/www.jinpinlub.com\/?post_type=product&#038;p=4080"},"modified":"2025-01-02T04:50:49","modified_gmt":"2025-01-01T20:50:49","slug":"he-thong-lam-mat-boi-tron-so-luong-toi-thieu-mql-tuy-chinh","status":"publish","type":"product","link":"https:\/\/www.jinpinlub.com\/vi\/product\/customized-mql-minimal-quantity-lubrication-cooling-system\/","title":{"rendered":"H\u1ec7 th\u1ed1ng l\u00e0m m\u00e1t b\u00f4i tr\u01a1n s\u1ed1 l\u01b0\u1ee3ng t\u1ed1i thi\u1ec3u MQL t\u00f9y ch\u1ec9nh"},"content":{"rendered":"<h2>T\u00ednh n\u0103ng<\/h2>\n<p>\u2013 L\u1ecdc gi\u00f3: C\u1ea5u h\u00ecnh ti\u00eau chu\u1ea9n c\u1ee7a h\u1ec7 th\u1ed1ng b\u00f4i tr\u01a1n MQL c\u00f3 v\u1ecf th\u00e9p, d\u00f9ng \u0111\u1ec3 l\u1ecdc t\u1ea1p ch\u1ea5t trong kh\u00f4ng kh\u00ed.<br \/>\n\u2013 Van \u0111i\u1ec1u khi\u1ec3n: H\u1ec7 th\u1ed1ng b\u00f4i tr\u01a1n MQL bao g\u1ed3m van \u0111i\u1ec7n t\u1eeb, van \u0111i\u1ec1u khi\u1ec3n kh\u00ed n\u00e9n, van th\u1ee7 c\u00f4ng ho\u1eb7c van ch\u00e2n, c\u00f3 th\u1ec3 l\u1ef1a ch\u1ecdn ph\u01b0\u01a1ng ph\u00e1p \u0111i\u1ec1u khi\u1ec3n ph\u00f9 h\u1ee3p theo nhu c\u1ea7u c\u1ee5 th\u1ec3.<br \/>\n\u2013 B\u01a1m d\u1ecbch chuy\u1ec3n t\u00edch c\u1ef1c: Ch\u00ednh x\u00e1c v\u00e0 \u0111\u00e1ng tin c\u1eady, v\u1edbi l\u01b0u l\u01b0\u1ee3ng \u0111\u1ea7u ra to\u00e0n ph\u1ea7n l\u00e0 0,033 mL, 0,100 mL ho\u1eb7c 0,045 mL.<br \/>\n\u2013 M\u00e1y ph\u00e1t xung kh\u00ed n\u00e9n: \u0110i\u1ec1u khi\u1ec3n t\u1ed1c \u0111\u1ed9 chu k\u1ef3 c\u1ee7a b\u01a1m phun, t\u1ea7n s\u1ed1 c\u1ee7a n\u00f3 b\u1ecb \u1ea3nh h\u01b0\u1edfng b\u1edfi s\u1ef1 thay \u0111\u1ed5i \u00e1p su\u1ea5t kh\u00f4ng kh\u00ed v\u00e0 thay \u0111\u1ed5i c\u01a1 h\u1ecdc v\u00e0 c\u00f3 th\u1ec3 \u0111i\u1ec1u ch\u1ec9nh \u0111\u01b0\u1ee3c.<br \/>\n\u2013 V\u00edt \u0111\u1ecbnh l\u01b0\u1ee3ng kh\u00ed: D\u00f9ng \u0111\u1ec3 \u0111i\u1ec1u khi\u1ec3n l\u01b0u l\u01b0\u1ee3ng kh\u00ed c\u1ee7a v\u00f2i phun c\u1ee7a b\u01a1m phun, \u0111i\u1ec1u ch\u1ec9nh hi\u1ec7u \u1ee9ng phun c\u00f9ng v\u1edbi n\u00fam \u0111i\u1ec1u ch\u1ec9nh h\u00e0nh tr\u00ecnh b\u01a1m.<br \/>\n\u2013 N\u00fam \u0111i\u1ec1u ch\u1ec9nh h\u00e0nh tr\u00ecnh b\u01a1m: Ki\u1ec3m so\u00e1t l\u01b0\u1ee3ng ch\u1ea5t l\u1ecfng \u0111\u01b0\u1ee3c cung c\u1ea5p cho m\u1ed7i h\u00e0nh tr\u00ecnh \u0111\u1ec3 \u0111i\u1ec1u ch\u1ec9nh ch\u00ednh x\u00e1c l\u01b0\u1ee3ng d\u1ea7u \u0111\u1ea7u ra.<br \/>\n\u2013 B\u00ecnh ch\u1ee9a: H\u1ec7 th\u1ed1ng b\u00f4i tr\u01a1n MQL c\u00f3 nhi\u1ec1u dung t\u00edch \u0111\u1ec3 l\u1ef1a ch\u1ecdn nh\u01b0 0,5L, 1,0L, 2,0L, 4,0L v\u00e0 c\u0169ng c\u00f3 th\u1ec3 t\u00f9y ch\u1ec9nh theo nhu c\u1ea7u.<\/p>\n<h2>\u0110\u1eb7c \u0111i\u1ec3m k\u1ef9 thu\u1eadt<\/h2>\n<table>\n<tbody>\n<tr>\n<td>Cung c\u1ea5p \u00e1p su\u1ea5t kh\u00f4ng kh\u00ed<\/td>\n<td>Kh\u00f4ng kh\u00ed n\u00e9n s\u1ea1ch, kh\u00f4, 4~7 bar, t\u1ed1i thi\u1ec3u 708 LPM<\/td>\n<\/tr>\n<tr>\n<td>\u0110\u1ed9 nh\u1edbt c\u1ee7a b\u01a1m<\/td>\n<td>50~1000 SUS<\/td>\n<\/tr>\n<tr>\n<td>C\u00f4ng su\u1ea5t b\u01a1m \u1edf h\u00e0nh tr\u00ecnh \u0111\u1ea7y \u0111\u1ee7<\/td>\n<td>0,033 mL (chu\u1ea9n 1 gi\u1ecdt), 0,100 mL (chu\u1ea9n 3 gi\u1ecdt)<\/td>\n<\/tr>\n<tr>\n<td>T\u1ed1c \u0111\u1ed9 \u0111\u1ea7u ra c\u1ee7a m\u00e1y b\u01a1m<\/td>\n<td>0~396mL\/gi\u1edd (chu\u1ea9n 1 gi\u1ecdt), 0~1200mL\/gi\u1edd (chu\u1ea9n 3 gi\u1ecdt)<\/td>\n<\/tr>\n<tr>\n<td>L\u01b0u l\u01b0\u1ee3ng kh\u00f4ng kh\u00ed<\/td>\n<td>0~4 SCFM cho m\u1ed7i \u0111\u1ea7u ra kh\u00f4ng kh\u00ed v\u00e0 d\u1ea7u, 1~2 SCFM \u0111i\u1ec3n h\u00ecnh<\/td>\n<\/tr>\n<tr>\n<td>M\u00e1y ph\u00e1t xung<\/td>\n<td>5~50 xung\/ph\u00fat, T\u1ed1i \u0111a 200 xung\/ph\u00fat (kh\u00f4ng khuy\u1ebfn ngh\u1ecb)<\/td>\n<\/tr>\n<tr>\n<td>Nhi\u1ec7t \u0111\u1ed9 ho\u1ea1t \u0111\u1ed9ng<\/td>\n<td>0\u2103 ~ +50\u02daC<\/td>\n<\/tr>\n<tr>\n<td>Nhi\u1ec7t \u0111\u1ed9 l\u01b0u tr\u1eef<\/td>\n<td>(-16\u2103 ~ +70\u02daC)<\/td>\n<\/tr>\n<tr>\n<td>B\u00ecnh ch\u1ee9a ch\u1ea5t l\u1ecfng<\/td>\n<td>C\u00f3 th\u1ec3 t\u00f9y ch\u1ec9nh, ti\u00eau chu\u1ea9n 0,5L, 1,0L, 2L, 4L<\/td>\n<\/tr>\n<\/tbody>\n<\/table>\n<h2>Nguy\u00ean t\u1eafc<\/h2>\n<p>Nguy\u00ean l\u00fd ho\u1ea1t \u0111\u1ed9ng c\u1ee7a m\u00e1y b\u01a1m<br \/>\nNgu\u1ed3n \u0111i\u1ec7n c\u1ee7a h\u1ec7 th\u1ed1ng MQL: S\u1eed d\u1ee5ng b\u01a1m d\u1ecbch chuy\u1ec3n t\u00edch c\u1ef1c b\u1eb1ng kh\u00ed n\u00e9n \u0111\u1ec3 cung c\u1ea5p v\u00e0 \u0111\u1ecbnh l\u01b0\u1ee3ng d\u1ea7u.<br \/>\nPh\u01b0\u01a1ng ph\u00e1p \u0111\u1ecbnh l\u01b0\u1ee3ng: B\u01a1m phun s\u01b0\u01a1ng \u0111i\u1ec1u khi\u1ec3n lu\u1ed3ng kh\u00f4ng kh\u00ed qua v\u00edt \u0111\u1ecbnh l\u01b0\u1ee3ng kh\u00f4ng kh\u00ed v\u00e0 ho\u1ea1t \u0111\u1ed9ng c\u00f9ng v\u1edbi n\u00fam \u0111i\u1ec1u ch\u1ec9nh h\u00e0nh tr\u00ecnh \u0111\u1ec3 \u0111\u1ea1t \u0111\u01b0\u1ee3c t\u1ef7 l\u1ec7 v\u00e0 \u0111\u1ea7u ra ch\u00ednh x\u00e1c c\u1ee7a h\u1ed7n h\u1ee3p d\u1ea7u v\u00e0 kh\u00f4ng kh\u00ed.<br \/>\nNguy\u00ean l\u00fd nguy\u00ean t\u1eed h\u00f3a<br \/>\nTrong b\u01a1m phun s\u01b0\u01a1ng c\u1ee7a h\u1ec7 th\u1ed1ng MQL, d\u1ea7u v\u00e0 kh\u00f4ng kh\u00ed \u0111\u01b0\u1ee3c gi\u1eef ri\u00eang bi\u1ec7t trong b\u01a1m cho \u0111\u1ebfn khi ch\u00fang \u0111\u1ebfn \u0111i\u1ec3m \u1ee9ng d\u1ee5ng. Th\u00f4ng qua ph\u01b0\u01a1ng ph\u00e1p \u0111\u1ea7u ra \u0111\u1ed3ng tr\u1ee5c, ch\u1ea5t l\u1ecfng v\u00e0 kh\u00f4ng kh\u00ed \u0111\u01b0\u1ee3c k\u1ebft h\u1ee3p t\u1ea1i \u0111\u1ea7u v\u00f2i phun v\u00e0 &quot;\u00e1o kho\u00e1c kh\u00f4ng kh\u00ed&quot; xung quanh \u0111\u1ea7u ra ch\u1ea5t l\u1ecfng phun s\u01b0\u01a1ng \u0111\u1ed3ng \u0111\u1ec1u ch\u1ea5t l\u1ecfng<br \/>\nNguy\u00ean l\u00fd m\u00e1y ph\u00e1t xung<br \/>\nB\u1ed9 t\u1ea1o xung c\u1ee7a h\u1ec7 th\u1ed1ng MQL ki\u1ec3m so\u00e1t t\u1ed1c \u0111\u1ed9 chu k\u1ef3 c\u1ee7a b\u01a1m b\u1eb1ng c\u00e1ch ki\u1ec3m so\u00e1t nh\u1ecbp b\u1eadt-t\u1eaft c\u1ee7a kh\u00ed n\u00e9n. N\u1ebfu c\u1ea7n ki\u1ec3m so\u00e1t ch\u00ednh x\u00e1c, h\u00e3y s\u1eed d\u1ee5ng c\u00f4ng t\u1eafc kh\u00ed c\u00f3 th\u1ec3 \u0111i\u1ec1u ch\u1ec9nh v\u00e0 \u0111i\u1ec1u ch\u1ec9nh n\u00fam \u0111\u1ec3 c\u00e0i \u0111\u1eb7t t\u1ea7n s\u1ed1.<\/p>\n<h2>H\u01b0\u1edbng d\u1eabn s\u1eed d\u1ee5ng<\/h2>\n<div class=\"sdm_download_button_box_default\"><div class=\"sdm_download_link\"><a href=\"https:\/\/www.jinpinlub.com\/vi\/?sdm_process_download=1&download_id=4054\" class=\"sdm_download white\" title=\"Ri\u00eang t\u01b0: Minimal Quantity Lubrication\" target=\"&quot;_blank&quot;\">Xem B\u1ea3ng d\u1eef li\u1ec7u - B\u00f4i tr\u01a1n s\u1ed1 l\u01b0\u1ee3ng t\u1ed1i thi\u1ec3u<\/a><\/div><\/div>","protected":false},"excerpt":{"rendered":"<p>H\u1ec7 th\u1ed1ng b\u00f4i tr\u01a1n l\u01b0\u1ee3ng t\u1ed1i thi\u1ec3u Jinpinlub MLS th\u01b0\u1eddng \u0111\u01b0\u1ee3c s\u1eed d\u1ee5ng trong c\u00e1c quy tr\u00ecnh khoan, ti\u1ec7n, phay v\u00e0 c\u00e1c quy tr\u00ecnh gia c\u00f4ng kh\u00e1c. B\u1eb1ng c\u00e1ch b\u00f4i tr\u01a1n l\u01b0\u1ee3ng t\u1ed1i thi\u1ec3u d\u1ea1ng s\u01b0\u01a1ng d\u1ea7u, n\u00f3 c\u00f3 th\u1ec3 gi\u1ea3m hi\u1ec7u qu\u1ea3 s\u1ef1 m\u00e0i m\u00f2n, nhi\u1ec7t v\u00e0 phoi, \u0111\u1ed3ng th\u1eddi gi\u1eef cho ph\u00f4i v\u00e0 d\u1ee5ng c\u1ee5 s\u1ea1ch s\u1ebd.<\/p>","protected":false},"featured_media":4081,"template":"","meta":{"ocean_post_layout":"","ocean_both_sidebars_style":"","ocean_both_sidebars_content_width":0,"ocean_both_sidebars_sidebars_width":0,"ocean_sidebar":"0","ocean_second_sidebar":"0","ocean_disable_margins":"enable","ocean_add_body_class":"","ocean_shortcode_before_top_bar":"","ocean_shortcode_after_top_bar":"","ocean_shortcode_before_header":"","ocean_shortcode_after_header":"","ocean_has_shortcode":"","ocean_shortcode_after_title":"","ocean_shortcode_before_footer_widgets":"","ocean_shortcode_after_footer_widgets":"","ocean_shortcode_before_footer_bottom":"","ocean_shortcode_after_footer_bottom":"","ocean_display_top_bar":"default","ocean_display_header":"default","ocean_header_style":"","ocean_center_header_left_menu":"0","ocean_custom_header_template":"0","ocean_custom_logo":0,"ocean_custom_retina_logo":0,"ocean_custom_logo_max_width":0,"ocean_custom_logo_tablet_max_width":0,"ocean_custom_logo_mobile_max_width":0,"ocean_custom_logo_max_height":0,"ocean_custom_logo_tablet_max_height":0,"ocean_custom_logo_mobile_max_height":0,"ocean_header_custom_menu":"0","ocean_menu_typo_font_family":"0","ocean_menu_typo_font_subset":"","ocean_menu_typo_font_size":0,"ocean_menu_typo_font_size_tablet":0,"ocean_menu_typo_font_size_mobile":0,"ocean_menu_typo_font_size_unit":"px","ocean_menu_typo_font_weight":"","ocean_menu_typo_font_weight_tablet":"","ocean_menu_typo_font_weight_mobile":"","ocean_menu_typo_transform":"","ocean_menu_typo_transform_tablet":"","ocean_menu_typo_transform_mobile":"","ocean_menu_typo_line_height":0,"ocean_menu_typo_line_height_tablet":0,"ocean_menu_typo_line_height_mobile":0,"ocean_menu_typo_line_height_unit":"","ocean_menu_typo_spacing":0,"ocean_menu_typo_spacing_tablet":0,"ocean_menu_typo_spacing_mobile":0,"ocean_menu_typo_spacing_unit":"","ocean_menu_link_color":"","ocean_menu_link_color_hover":"","ocean_menu_link_color_active":"","ocean_menu_link_background":"","ocean_menu_link_hover_background":"","ocean_menu_link_active_background":"","ocean_menu_social_links_bg":"","ocean_menu_social_hover_links_bg":"","ocean_menu_social_links_color":"","ocean_menu_social_hover_links_color":"","ocean_disable_title":"default","ocean_disable_heading":"default","ocean_post_title":"","ocean_post_subheading":"","ocean_post_title_style":"","ocean_post_title_background_color":"","ocean_post_title_background":0,"ocean_post_title_bg_image_position":"","ocean_post_title_bg_image_attachment":"","ocean_post_title_bg_image_repeat":"","ocean_post_title_bg_image_size":"","ocean_post_title_height":0,"ocean_post_title_bg_overlay":0.5,"ocean_post_title_bg_overlay_color":"","ocean_disable_breadcrumbs":"default","ocean_breadcrumbs_color":"","ocean_breadcrumbs_separator_color":"","ocean_breadcrumbs_links_color":"","ocean_breadcrumbs_links_hover_color":"","ocean_display_footer_widgets":"default","ocean_display_footer_bottom":"default","ocean_custom_footer_template":"0","osh_disable_topbar_sticky":"default","osh_disable_header_sticky":"default","osh_sticky_header_style":"default","osh_sticky_header_effect":"","osh_custom_sticky_logo":0,"osh_custom_retina_sticky_logo":0,"osh_custom_sticky_logo_height":0,"osh_background_color":"","osh_links_color":"","osh_links_hover_color":"","osh_links_active_color":"","osh_links_bg_color":"","osh_links_hover_bg_color":"","osh_links_active_bg_color":"","osh_menu_social_links_color":"","osh_menu_social_hover_links_color":""},"product_brand":[],"product_cat":[46],"product_tag":[385,381,384,389,390],"class_list":{"0":"post-4080","1":"product","2":"type-product","3":"status-publish","4":"has-post-thumbnail","6":"product_cat-oil-mist-lubrication-systems","7":"product_tag-cooling-lubrication-system","8":"product_tag-mql-lubrication-pump","9":"product_tag-oil-mist-lubrication-system","10":"product_tag-pneumatic-oil-mist-pump","11":"product_tag-pneumatic-spray-pump","13":"entry","14":"has-media","16":"first","17":"instock","18":"shipping-taxable","19":"product-type-external","20":"col","21":"span_1_of_3","22":"owp-content-center","23":"owp-thumbs-layout-horizontal","24":"owp-btn-very-big","25":"owp-tabs-layout-horizontal"},"_links":{"self":[{"href":"https:\/\/www.jinpinlub.com\/vi\/wp-json\/wp\/v2\/product\/4080","targetHints":{"allow":["GET"]}}],"collection":[{"href":"https:\/\/www.jinpinlub.com\/vi\/wp-json\/wp\/v2\/product"}],"about":[{"href":"https:\/\/www.jinpinlub.com\/vi\/wp-json\/wp\/v2\/types\/product"}],"wp:featuredmedia":[{"embeddable":true,"href":"https:\/\/www.jinpinlub.com\/vi\/wp-json\/wp\/v2\/media\/4081"}],"wp:attachment":[{"href":"https:\/\/www.jinpinlub.com\/vi\/wp-json\/wp\/v2\/media?parent=4080"}],"wp:term":[{"taxonomy":"product_brand","embeddable":true,"href":"https:\/\/www.jinpinlub.com\/vi\/wp-json\/wp\/v2\/product_brand?post=4080"},{"taxonomy":"product_cat","embeddable":true,"href":"https:\/\/www.jinpinlub.com\/vi\/wp-json\/wp\/v2\/product_cat?post=4080"},{"taxonomy":"product_tag","embeddable":true,"href":"https:\/\/www.jinpinlub.com\/vi\/wp-json\/wp\/v2\/product_tag?post=4080"}],"curies":[{"name":"wp","href":"https:\/\/api.w.org\/{rel}","templated":true}]}}