{"id":4101,"date":"2025-01-12T03:58:27","date_gmt":"2025-01-11T19:58:27","guid":{"rendered":"https:\/\/www.jinpinlub.com\/?post_type=product&#038;p=4101"},"modified":"2025-01-12T04:24:39","modified_gmt":"2025-01-11T20:24:39","slug":"bom-mo-boi-tron-dich-chuyen-tich-cuc-jhg4-cho-cnc","status":"publish","type":"product","link":"https:\/\/www.jinpinlub.com\/vi\/product\/jhg4-positive-displacement-grease-lubrication-pump-for-cnc\/","title":{"rendered":"B\u01a1m m\u1ee1 b\u00f4i tr\u01a1n d\u1ecbch chuy\u1ec3n t\u00edch c\u1ef1c JHG4 cho CNC"},"content":{"rendered":"<h2>T\u00ednh n\u0103ng<\/h2>\n<p>1. B\u01a1m b\u00f4i tr\u01a1n JHG4 th\u00edch h\u1ee3p \u0111\u1ec3 b\u00f4i tr\u01a1n m\u1ee1 v\u00e0 d\u1ea7u b\u00f4i tr\u01a1n l\u01b0u l\u01b0\u1ee3ng th\u1ea5p. \u0110\u1ed9 nh\u1edbt b\u01a1 l\u1ecfng \u00e1p d\u1ee5ng l\u00e0 NLGI 000, 00, 0#.<br \/>\n2. S\u1eed d\u1ee5ng s\u00fang b\u01a1m m\u1ee1 ho\u1eb7c m\u00e1y b\u01a1m m\u1ee1 t\u1ef1 \u0111\u1ed9ng \u0111\u1ec3 b\u01a1m m\u1ee1 v\u00e0o \u0111\u1ea7u v\u00e0o c\u1ee7a m\u00e1y b\u00f4i tr\u01a1n \u0111\u1ec3 tr\u00e1nh kh\u00f4ng kh\u00ed v\u00e0 m\u1ea3nh v\u1ee5n l\u1ecdt v\u00e0o.<br \/>\n3. B\u01a1m b\u00f4i tr\u01a1n \u0111i\u1ec7n \u0111\u01b0\u1ee3c \u0111i\u1ec1u khi\u1ec3n b\u1eb1ng PLC v\u00e0 c\u00f3 th\u1ec3 s\u1eed d\u1ee5ng v\u1edbi c\u00e1c b\u1ed9 ph\u00e2n ph\u1ed1i \u0111\u1ecbnh l\u01b0\u1ee3ng MU, MG2, MG \u0111\u1ec3 ki\u1ec3m so\u00e1t ngu\u1ed3n cung c\u1ea5p d\u1ea7u. C\u00e1c b\u1ed9 ph\u00e2n ph\u1ed1i \u0111\u1ecbnh l\u01b0\u1ee3ng MU, MG2, MG c\u00f3 nhi\u1ec1u t\u00f9y ch\u1ecdn l\u01b0u l\u01b0\u1ee3ng v\u00e0 c\u00f9ng m\u1ed9t b\u1ed9 ph\u00e2n ph\u1ed1i c\u0169ng c\u00f3 th\u1ec3 c\u00f3 nhi\u1ec1u t\u00f9y ch\u1ecdn l\u01b0u l\u01b0\u1ee3ng.<br \/>\n4. C\u00f3 th\u1ec3 l\u1ef1a ch\u1ecdn c\u1ea3m bi\u1ebfn m\u1ee9c ch\u1ea5t l\u1ecfng th\u1ea5p, ngh\u0129a l\u00e0 khi l\u01b0\u1ee3ng ch\u1ea5t b\u00f4i tr\u01a1n qu\u00e1 th\u1ea5p, n\u00f3 c\u00f3 th\u1ec3 t\u1ef1 \u0111\u1ed9ng g\u1eedi t\u00edn hi\u1ec7u.<br \/>\n5. C\u00f3 th\u1ec3 l\u1ef1a ch\u1ecdn \u0111\u1ed3ng h\u1ed3 \u0111o \u00e1p su\u1ea5t \u0111\u1ec3 quan s\u00e1t tr\u1ef1c ti\u1ebfp t\u00ecnh tr\u1ea1ng \u00e1p su\u1ea5t khi x\u1ea3 d\u1ea7u.<br \/>\n6. C\u00f3 van \u0111i\u1ec1u ch\u1ec9nh \u00e1p su\u1ea5t \u0111\u1ec3 \u0111i\u1ec1u ch\u1ec9nh \u00e1p su\u1ea5t l\u00e0m vi\u1ec7c c\u1ee7a b\u01a1m b\u00f4i tr\u01a1n v\u00e0 b\u1ea3o v\u1ec7 an to\u00e0n khi l\u00e0m vi\u1ec7c.<br \/>\n7. V\u1edbi nh\u00f3m van gi\u1ea3m \u00e1p \u0111i\u1ec7n t\u1eeb, b\u01a1m b\u00f4i tr\u01a1n ng\u1eebng ho\u1ea1t \u0111\u1ed9ng v\u00e0 \u00e1p su\u1ea5t trong \u0111\u01b0\u1eddng \u1ed1ng \u0111\u01b0\u1ee3c gi\u1ea3i ph\u00f3ng.<\/p>\n<h2>\u0110\u1eb7c \u0111i\u1ec3m k\u1ef9 thu\u1eadt<\/h2>\n<table>\n<tbody>\n<tr>\n<td>Ng\u01b0\u1eddi m\u1eabu<\/td>\n<td>JHG4<\/td>\n<\/tr>\n<tr>\n<td>Th\u1eddi gian b\u00f4i tr\u01a1n<\/td>\n<td>PLC ho\u1eb7c b\u1ed9 \u0111i\u1ec1u khi\u1ec3n b\u00ean ngo\u00e0i<\/td>\n<\/tr>\n<tr>\n<td>Kho\u1ea3ng th\u1eddi gian<\/td>\n<td>PLC ho\u1eb7c b\u1ed9 \u0111i\u1ec1u khi\u1ec3n b\u00ean ngo\u00e0i<\/td>\n<\/tr>\n<tr>\n<td>Nhi\u1ec7t \u0111\u1ed9 ho\u1ea1t \u0111\u1ed9ng<\/td>\n<td>0\u2103~ +50\u00b0C (\u0110i\u1ec1u ki\u1ec7n nhi\u1ec7t \u0111\u1ed9 th\u1ea5p c\u1ea7n m\u1ee1 ch\u1ed1ng \u0111\u00f4ng)<\/td>\n<\/tr>\n<tr>\n<td>S\u1ed1 l\u01b0\u1ee3ng c\u1eeda h\u00e0ng<\/td>\n<td>1<\/td>\n<\/tr>\n<tr>\n<td>S\u1ee9c ch\u1ee9a h\u1ed3 ch\u1ee9a<\/td>\n<td>1,5 l\u00edt<\/td>\n<\/tr>\n<tr>\n<td>N\u1ea1p l\u1ea1i<\/td>\n<td>C\u1eeda v\u00e0o (h\u1ed3 ch\u1ee9a)<\/td>\n<\/tr>\n<tr>\n<td>Ch\u1ea5t b\u00f4i tr\u01a1n<\/td>\n<td>M\u1ee1 b\u00f4i tr\u01a1n c\u1ea5p NLGI 000~1#<\/td>\n<\/tr>\n<tr>\n<td>Van gi\u1ea3m \u00e1p<\/td>\n<td>\u0110\u00e3 l\u1eafp r\u00e1p<\/td>\n<\/tr>\n<tr>\n<td>Ph\u00f3ng \u0111i\u1ec7n<\/td>\n<td>15 mL\/ph\u00fat<\/td>\n<\/tr>\n<tr>\n<td>\u00c1p su\u1ea5t v\u1eadn h\u00e0nh t\u1ed1i \u0111a<\/td>\n<td>8,0MPa<\/td>\n<\/tr>\n<tr>\n<td>Ch\u1ee7 \u0111\u1ec1 k\u1ebft n\u1ed1i<\/td>\n<td>\u0110\u1ea7u ra \u03a66 ho\u1eb7c \u03a68<\/td>\n<\/tr>\n<tr>\n<td>\u0110i\u1ec7n \u00e1p ho\u1ea1t \u0111\u1ed9ng<\/td>\n<td>12\/24VDC, 110\/220VAC, 220\/380 3~380VAC<\/td>\n<\/tr>\n<tr>\n<td>Ch\u1ee9ng nh\u1eadn<\/td>\n<td>Ti\u00eau chu\u1ea9n<\/td>\n<\/tr>\n<tr>\n<td>C\u00f4ng t\u1eafc m\u1ee9c th\u1ea5p<\/td>\n<td>NPN-KH\u00d4NG, PNP-KH\u00d4NG<\/td>\n<\/tr>\n<\/tbody>\n<\/table>\n<h2>Ph\u00f2ng ng\u1eeba<\/h2>\n<p>1. Khi s\u1eed d\u1ee5ng b\u01a1m b\u00f4i tr\u01a1n m\u1edbi l\u1ea7n \u0111\u1ea7u ho\u1eb7c l\u00e2u ng\u00e0y kh\u00f4ng s\u1eed d\u1ee5ng, ph\u1ea3i x\u1ea3 h\u1ebft kh\u00f4ng kh\u00ed trong b\u01a1m, th\u00f4ng qua b\u01a1m b\u00f4i tr\u01a1n ho\u1eb7c m\u00e1y b\u1ed5 sung m\u1ee1, \u0111\u1ed5 m\u1ee1 v\u00e0o \u0111\u01b0\u1eddng \u1ed1ng ch\u00ednh v\u00e0 \u0111\u01b0\u1eddng \u1ed1ng nh\u00e1nh, sau \u0111\u00f3 k\u1ebft n\u1ed1i b\u1ed9 ph\u00e2n ph\u1ed1i.<br \/>\n2. B\u01a1m b\u00f4i tr\u01a1n s\u1eed d\u1ee5ng cao su nitrile (NBR) v\u00e0 cao su fluoro (VITON) l\u00e0m th\u00e0nh ph\u1ea7n b\u1ecbt k\u00edn. Kh\u00f4ng s\u1eed d\u1ee5ng b\u1ea5t k\u1ef3 ch\u1ea5t b\u00f4i tr\u01a1n n\u00e0o c\u00f3 th\u1ec3 l\u00e0m h\u1ecfng c\u00e1c v\u1eadt li\u1ec7u n\u00e0y.<br \/>\n4. Khi m\u1ee1 b\u00f4i tr\u01a1n trong b\u00ecnh ch\u1ee9a JHG4 h\u1ebft, h\u00e3y nh\u1edb th\u00eam m\u1ee1 t\u1eeb c\u1ed5ng n\u1ea1p m\u1ee1.<br \/>\n5. N\u1ebfu b\u01a1m kh\u00f4ng \u0111\u01b0\u1ee3c v\u1eadn h\u00e0nh trong th\u1eddi gian d\u00e0i, m\u00e0ng d\u1ea7u b\u00f4i tr\u01a1n c\u00f3 th\u1ec3 b\u1ecb v\u1ee1. T\u1ed1t nh\u1ea5t l\u00e0 d\u00f9ng tay \u0111\u1ec3 \u00e9p b\u01a1m b\u00f4i tr\u01a1n ho\u1ea1t \u0111\u1ed9ng \u0111\u1ec3 b\u1ec1 m\u1eb7t b\u00f4i tr\u01a1n c\u00f3 l\u01b0\u1ee3ng m\u1ee1 b\u00f4i tr\u01a1n th\u00edch h\u1ee3p, tr\u00e1nh b\u1ecb m\u00e0i m\u00f2n ho\u1eb7c ch\u00e1y do b\u00f4i tr\u01a1n kh\u00f4ng \u0111\u1ee7.<br \/>\n6. Khi th\u00f4ng s\u1ed1 \u0111i\u1ec7n \u00e1p c\u1ee7a b\u01a1m b\u00f4i tr\u01a1n l\u00e0 b\u01a1m b\u00f4i tr\u01a1n 24VDC, h\u00e3y ch\u00fa \u00fd \u0111\u1ebfn c\u1ef1c d\u01b0\u01a1ng v\u00e0 c\u1ef1c \u00e2m khi \u0111\u1ea5u d\u00e2y cho \u0111\u1ed9ng c\u01a1.<br \/>\n7. B\u01a1m b\u00f4i tr\u01a1n \u0111i\u1ec7n JHG4 c\u00f3 th\u1ec3 \u0111\u01b0\u1ee3c trang b\u1ecb \u0111\u1ea7u d\u00f2 l\u01b0\u1ee1i g\u00e0. V\u1ecb tr\u00ed \u0111\u1ea7u d\u00f2 l\u01b0\u1ee1i g\u00e0 ph\u1ea3i tr\u00e1nh g\u00e2y nhi\u1ec5u cho c\u1ea3m \u1ee9ng \u0111\u1ea7u d\u00f2 l\u01b0\u1ee1i g\u00e0 do l\u1ef1c t\u1eeb c\u1ee7a \u0111\u1ed9ng c\u01a1 ho\u1eb7c c\u00e1c y\u1ebfu t\u1ed1 kh\u00e1c, khi\u1ebfn c\u1ea3m \u1ee9ng \u0111\u1ea7u d\u00f2 l\u01b0\u1ee1i g\u00e0 b\u1ecb h\u1ecfng.<\/p>\n<h2>H\u01b0\u1edbng d\u1eabn s\u1eed d\u1ee5ng<\/h2>\n<div class=\"sdm_download_button_box_default\"><div class=\"sdm_download_link\"><a href=\"https:\/\/www.jinpinlub.com\/vi\/?sdm_process_download=1&download_id=4090\" class=\"sdm_download white\" title=\"Ri\u00eang t\u01b0: JHG4 Pressure-relief Pump\" target=\"&quot;_blank&quot;\">Xem B\u1ea3ng d\u1eef li\u1ec7u - B\u01a1m m\u1ee1 JHG4<\/a><\/div><\/div>","protected":false},"excerpt":{"rendered":"<p>JHG4 l\u00e0 b\u01a1m b\u00f4i tr\u01a1n m\u1ed9t d\u00f2ng, l\u00e0 m\u1ed9t lo\u1ea1i b\u01a1m b\u00f4i tr\u01a1n gi\u1ea3m \u00e1p su\u1ea5t d\u1ecbch chuy\u1ec3n t\u00edch c\u1ef1c. C\u00e1c b\u1ed9 ph\u1eadn ch\u00ednh c\u1ee7a b\u01a1m b\u00f4i tr\u01a1n l\u00e0 \u0111\u1ed9ng c\u01a1, van gi\u1ea3m \u00e1p, \u0111\u1ed3ng h\u1ed3 \u0111o \u00e1p su\u1ea5t, c\u1ea3m bi\u1ebfn m\u1ee9c ch\u1ea5t l\u1ecfng th\u1ea5p v\u00e0 b\u00ecnh ch\u1ee9a c\u00f3 t\u1ea5m \u00e1p su\u1ea5t v\u00e0 l\u00f2 xo.<\/p>","protected":false},"featured_media":4096,"template":"","meta":{"ocean_post_layout":"","ocean_both_sidebars_style":"","ocean_both_sidebars_content_width":0,"ocean_both_sidebars_sidebars_width":0,"ocean_sidebar":"0","ocean_second_sidebar":"0","ocean_disable_margins":"enable","ocean_add_body_class":"","ocean_shortcode_before_top_bar":"","ocean_shortcode_after_top_bar":"","ocean_shortcode_before_header":"","ocean_shortcode_after_header":"","ocean_has_shortcode":"","ocean_shortcode_after_title":"","ocean_shortcode_before_footer_widgets":"","ocean_shortcode_after_footer_widgets":"","ocean_shortcode_before_footer_bottom":"","ocean_shortcode_after_footer_bottom":"","ocean_display_top_bar":"default","ocean_display_header":"default","ocean_header_style":"","ocean_center_header_left_menu":"0","ocean_custom_header_template":"0","ocean_custom_logo":0,"ocean_custom_retina_logo":0,"ocean_custom_logo_max_width":0,"ocean_custom_logo_tablet_max_width":0,"ocean_custom_logo_mobile_max_width":0,"ocean_custom_logo_max_height":0,"ocean_custom_logo_tablet_max_height":0,"ocean_custom_logo_mobile_max_height":0,"ocean_header_custom_menu":"0","ocean_menu_typo_font_family":"0","ocean_menu_typo_font_subset":"","ocean_menu_typo_font_size":0,"ocean_menu_typo_font_size_tablet":0,"ocean_menu_typo_font_size_mobile":0,"ocean_menu_typo_font_size_unit":"px","ocean_menu_typo_font_weight":"","ocean_menu_typo_font_weight_tablet":"","ocean_menu_typo_font_weight_mobile":"","ocean_menu_typo_transform":"","ocean_menu_typo_transform_tablet":"","ocean_menu_typo_transform_mobile":"","ocean_menu_typo_line_height":0,"ocean_menu_typo_line_height_tablet":0,"ocean_menu_typo_line_height_mobile":0,"ocean_menu_typo_line_height_unit":"","ocean_menu_typo_spacing":0,"ocean_menu_typo_spacing_tablet":0,"ocean_menu_typo_spacing_mobile":0,"ocean_menu_typo_spacing_unit":"","ocean_menu_link_color":"","ocean_menu_link_color_hover":"","ocean_menu_link_color_active":"","ocean_menu_link_background":"","ocean_menu_link_hover_background":"","ocean_menu_link_active_background":"","ocean_menu_social_links_bg":"","ocean_menu_social_hover_links_bg":"","ocean_menu_social_links_color":"","ocean_menu_social_hover_links_color":"","ocean_disable_title":"default","ocean_disable_heading":"default","ocean_post_title":"","ocean_post_subheading":"","ocean_post_title_style":"","ocean_post_title_background_color":"","ocean_post_title_background":0,"ocean_post_title_bg_image_position":"","ocean_post_title_bg_image_attachment":"","ocean_post_title_bg_image_repeat":"","ocean_post_title_bg_image_size":"","ocean_post_title_height":0,"ocean_post_title_bg_overlay":0.5,"ocean_post_title_bg_overlay_color":"","ocean_disable_breadcrumbs":"default","ocean_breadcrumbs_color":"","ocean_breadcrumbs_separator_color":"","ocean_breadcrumbs_links_color":"","ocean_breadcrumbs_links_hover_color":"","ocean_display_footer_widgets":"default","ocean_display_footer_bottom":"default","ocean_custom_footer_template":"0","osh_disable_topbar_sticky":"default","osh_disable_header_sticky":"default","osh_sticky_header_style":"default","osh_sticky_header_effect":"","osh_custom_sticky_logo":0,"osh_custom_retina_sticky_logo":0,"osh_custom_sticky_logo_height":0,"osh_background_color":"","osh_links_color":"","osh_links_hover_color":"","osh_links_active_color":"","osh_links_bg_color":"","osh_links_hover_bg_color":"","osh_links_active_bg_color":"","osh_menu_social_links_color":"","osh_menu_social_hover_links_color":""},"product_brand":[],"product_cat":[38,37],"product_tag":[74,321,73,320,92],"class_list":{"0":"post-4101","1":"product","2":"type-product","3":"status-publish","4":"has-post-thumbnail","6":"product_cat-electric-pressure-relief-pumps","7":"product_cat-single-line-grease-systems","8":"product_tag-automatic-lubrication-pump","9":"product_tag-automatic-lubrication-system","10":"product_tag-electric-lubrication-pump","11":"product_tag-single-line-grease-pump","12":"product_tag-single-line-lubrication-pump","14":"entry","15":"has-media","17":"first","18":"instock","19":"shipping-taxable","20":"product-type-external","21":"col","22":"span_1_of_3","23":"owp-content-center","24":"owp-thumbs-layout-horizontal","25":"owp-btn-very-big","26":"owp-tabs-layout-horizontal"},"_links":{"self":[{"href":"https:\/\/www.jinpinlub.com\/vi\/wp-json\/wp\/v2\/product\/4101","targetHints":{"allow":["GET"]}}],"collection":[{"href":"https:\/\/www.jinpinlub.com\/vi\/wp-json\/wp\/v2\/product"}],"about":[{"href":"https:\/\/www.jinpinlub.com\/vi\/wp-json\/wp\/v2\/types\/product"}],"wp:featuredmedia":[{"embeddable":true,"href":"https:\/\/www.jinpinlub.com\/vi\/wp-json\/wp\/v2\/media\/4096"}],"wp:attachment":[{"href":"https:\/\/www.jinpinlub.com\/vi\/wp-json\/wp\/v2\/media?parent=4101"}],"wp:term":[{"taxonomy":"product_brand","embeddable":true,"href":"https:\/\/www.jinpinlub.com\/vi\/wp-json\/wp\/v2\/product_brand?post=4101"},{"taxonomy":"product_cat","embeddable":true,"href":"https:\/\/www.jinpinlub.com\/vi\/wp-json\/wp\/v2\/product_cat?post=4101"},{"taxonomy":"product_tag","embeddable":true,"href":"https:\/\/www.jinpinlub.com\/vi\/wp-json\/wp\/v2\/product_tag?post=4101"}],"curies":[{"name":"wp","href":"https:\/\/api.w.org\/{rel}","templated":true}]}}