{"id":4106,"date":"2025-01-12T04:27:01","date_gmt":"2025-01-11T20:27:01","guid":{"rendered":"https:\/\/www.jinpinlub.com\/?post_type=product&#038;p=4106"},"modified":"2025-01-12T05:38:44","modified_gmt":"2025-01-11T21:38:44","slug":"bom-boi-tron-dien-giam-ap-jhgs4","status":"publish","type":"product","link":"https:\/\/www.jinpinlub.com\/vi\/product\/jhgs4-cartridge-pressure-relief-electric-lubrication-pumps\/","title":{"rendered":"B\u01a1m b\u00f4i tr\u01a1n \u0111i\u1ec7n gi\u1ea3m \u00e1p JHGS4 Cartridge"},"content":{"rendered":"<h2>Ho\u1ea1t \u0111\u1ed9ng<\/h2>\n<p>1. \u0110\u1ed1i v\u1edbi lo\u1ea1i JHGS4, vui l\u00f2ng s\u1eed d\u1ee5ng ph\u01b0\u01a1ng ph\u00e1p thay th\u1ebf h\u1ed9p m\u1ef1c \u0111\u1ec3 \u0111\u1ed5 m\u1ee1. V\u00ec c\u00f3 l\u00f2 xo m\u1ea1nh \u0111\u01b0\u1ee3c l\u1eafp trong n\u1eafp, khi n\u1eafp b\u1ecb l\u1ecfng, vui l\u00f2ng tr\u00e1nh n\u1eafp b\u1eadt ra do l\u1ef1c l\u00f2 xo.<br \/>\n2. Ph\u1ea1m vi \u0111\u1ed9 nh\u1edbt c\u1ee7a ch\u1ea5t b\u00f4i tr\u01a1n \u00e1p d\u1ee5ng l\u00e0 NLGI 000, 00, 0, 1#. Khi l\u01b0\u1ee3ng m\u1ee1 b\u00f4i tr\u01a1n th\u1ea5p h\u01a1n m\u1ee9c b\u00ecnh th\u01b0\u1eddng, vui l\u00f2ng thay h\u1ed9p m\u1ef1c m\u1edbi ngay l\u1eadp t\u1ee9c.<br \/>\n3. Khi s\u1eed d\u1ee5ng b\u01a1m b\u00f4i tr\u01a1n l\u1ea7n \u0111\u1ea7u ho\u1eb7c khi kh\u00f4ng th\u1ec3 b\u01a1m h\u1ebft ch\u1ea5t b\u00f4i tr\u01a1n ho\u1eb7c thay h\u1ed9p m\u1ef1c, tr\u01b0\u1edbc ti\u00ean b\u1ea1n ph\u1ea3i th\u1ef1c hi\u1ec7n thao t\u00e1c x\u1ea3 th\u00f4ng qua ch\u1ee9c n\u0103ng b\u00f4i tr\u01a1n c\u01b0\u1ee1ng b\u1ee9c v\u00e0 c\u1ed5ng x\u1ea3 theo h\u01b0\u1edbng d\u1eabn s\u1eed d\u1ee5ng.<br \/>\n4. Khi s\u1eed d\u1ee5ng b\u01a1m b\u00f4i tr\u01a1n l\u1ea7n \u0111\u1ea7u ti\u00ean, h\u00e3y \u0111\u1ed5 m\u1ee1 v\u00e0o \u0111\u01b0\u1eddng \u1ed1ng ch\u00ednh v\u00e0 \u0111\u01b0\u1eddng \u1ed1ng nh\u00e1nh th\u00f4ng qua b\u01a1m b\u00f4i tr\u01a1n ho\u1eb7c m\u00e1y b\u1ed5 sung m\u1ee1, sau \u0111\u00f3 k\u1ebft n\u1ed1i b\u1ed9 ph\u00e2n ph\u1ed1i.<br \/>\n5. Khi l\u01b0\u1ee3ng ch\u1ea5t b\u00f4i tr\u01a1n c\u1ee7a b\u01a1m b\u00f4i tr\u01a1n qu\u00e1 th\u1ea5p, h\u00e3y thay ngay h\u1ed9p m\u1ef1c m\u1edbi \u0111\u1ec3 tr\u00e1nh t\u00ecnh tr\u1ea1ng b\u01a1m h\u00fat kh\u00f4ng kh\u00ed v\u00e0 kh\u00f4ng b\u01a1m \u0111\u01b0\u1ee3c d\u1ea7u.<br \/>\n6. Khi gi\u00e1 tr\u1ecb \u00e1p su\u1ea5t c\u1ee7a b\u01a1m b\u00f4i tr\u01a1n \u0111i\u1ec7n kh\u00f4ng kh\u1edbp v\u1edbi gi\u00e1 tr\u1ecb m\u1eb7c \u0111\u1ecbnh, b\u1ea1n c\u00f3 th\u1ec3 \u0111i\u1ec1u ch\u1ec9nh van \u0111i\u1ec1u ch\u1ec9nh \u00e1p su\u1ea5t theo h\u01b0\u1edbng d\u1eabn s\u1eed d\u1ee5ng.<\/p>\n<h2>\u0110\u1eb7c \u0111i\u1ec3m k\u1ef9 thu\u1eadt<\/h2>\n<table>\n<tbody>\n<tr>\n<td>Ng\u01b0\u1eddi m\u1eabu<\/td>\n<td>JHGS4<\/td>\n<\/tr>\n<tr>\n<td>Th\u1eddi gian b\u00f4i tr\u01a1n<\/td>\n<td>PLC ho\u1eb7c b\u1ed9 \u0111i\u1ec1u khi\u1ec3n b\u00ean ngo\u00e0i<\/td>\n<\/tr>\n<tr>\n<td>Kho\u1ea3ng th\u1eddi gian<\/td>\n<td>PLC ho\u1eb7c b\u1ed9 \u0111i\u1ec1u khi\u1ec3n b\u00ean ngo\u00e0i<\/td>\n<\/tr>\n<tr>\n<td>Nhi\u1ec7t \u0111\u1ed9 ho\u1ea1t \u0111\u1ed9ng<\/td>\n<td>0\u2103~ +50\u00b0C (\u0110i\u1ec1u ki\u1ec7n nhi\u1ec7t \u0111\u1ed9 th\u1ea5p c\u1ea7n m\u1ee1 ch\u1ed1ng \u0111\u00f4ng)<\/td>\n<\/tr>\n<tr>\n<td>S\u1ed1 l\u01b0\u1ee3ng c\u1eeda h\u00e0ng<\/td>\n<td>1<\/td>\n<\/tr>\n<tr>\n<td>S\u1ee9c ch\u1ee9a h\u1ed3 ch\u1ee9a<\/td>\n<td>0,7 l\u00edt<\/td>\n<\/tr>\n<tr>\n<td>N\u1ea1p l\u1ea1i<\/td>\n<td>h\u1ed9p m\u1ef1c<\/td>\n<\/tr>\n<tr>\n<td>Ch\u1ea5t b\u00f4i tr\u01a1n<\/td>\n<td>M\u1ee1 b\u00f4i tr\u01a1n c\u1ea5p NLGI 000~1#<\/td>\n<\/tr>\n<tr>\n<td>Van gi\u1ea3m \u00e1p<\/td>\n<td>\u0110\u00e3 l\u1eafp r\u00e1p<\/td>\n<\/tr>\n<tr>\n<td>Ph\u00f3ng \u0111i\u1ec7n<\/td>\n<td>15 mL\/ph\u00fat<\/td>\n<\/tr>\n<tr>\n<td>\u00c1p su\u1ea5t v\u1eadn h\u00e0nh t\u1ed1i \u0111a<\/td>\n<td>8,0MPa<\/td>\n<\/tr>\n<tr>\n<td>Ch\u1ee7 \u0111\u1ec1 k\u1ebft n\u1ed1i<\/td>\n<td>\u0110\u1ea7u ra \u03a66 ho\u1eb7c \u03a68<\/td>\n<\/tr>\n<tr>\n<td>\u0110i\u1ec7n \u00e1p ho\u1ea1t \u0111\u1ed9ng<\/td>\n<td>12\/24VDC, 110\/220VAC, 220\/380 3~380VAC<\/td>\n<\/tr>\n<tr>\n<td>Ch\u1ee9ng nh\u1eadn<\/td>\n<td>Ti\u00eau chu\u1ea9n<\/td>\n<\/tr>\n<tr>\n<td>C\u00f4ng t\u1eafc m\u1ee9c th\u1ea5p<\/td>\n<td>Ti\u1ebfp \u0111i\u1ec3m NPN-NO, PNP-NO<\/td>\n<\/tr>\n<\/tbody>\n<\/table>\n<h2>Ph\u00f2ng ng\u1eeba<\/h2>\n<p>1. B\u01a1m b\u00f4i tr\u01a1n n\u00e0y s\u1eed d\u1ee5ng NBR v\u00e0 VITON l\u00e0m th\u00e0nh ph\u1ea7n b\u1ecbt k\u00edn. Kh\u00f4ng s\u1eed d\u1ee5ng b\u1ea5t k\u1ef3 ch\u1ea5t b\u00f4i tr\u01a1n n\u00e0o c\u00f3 th\u1ec3 l\u00e0m h\u1ecfng c\u00e1c v\u1eadt li\u1ec7u n\u00e0y.<br \/>\n2. \u0110\u1ec3 tr\u00e1nh kh\u00f4ng kh\u00ed l\u1ecdt v\u00e0o h\u1ed9p m\u1ef1c, vui l\u00f2ng b\u00f3p m\u1ed9t \u00edt ch\u1ea5t b\u00f4i tr\u01a1n tr\u01b0\u1edbc khi l\u1eafp h\u1ed9p m\u1ef1c khi thay h\u1ed9p m\u1ef1c.<br \/>\n3. Khi m\u1ee1 b\u00f4i tr\u01a1n trong h\u1ed9p m\u1ef1c JHGS4 \u0111\u00e3 h\u1ebft, kh\u00f4ng \u0111\u01b0\u1ee3c ph\u00e9p \u0111\u1ed5 \u0111\u1ea7y m\u1ee1 b\u00f4i tr\u01a1n v\u00e0 s\u1eed d\u1ee5ng l\u1ea1i. Ph\u1ea3i s\u1eed d\u1ee5ng h\u1ed9p m\u1ef1c m\u1edbi \u0111\u1ec3 thay th\u1ebf.<br \/>\n4. N\u1ebfu b\u01a1m b\u00f4i tr\u01a1n \u0111i\u1ec7n JHGS4 ch\u1ea1y trong th\u1eddi gian d\u00e0i, s\u1ebd khi\u1ebfn \u0111\u1ed9ng c\u01a1 b\u00ean trong n\u00f3ng l\u00ean, \u1ea3nh h\u01b0\u1edfng \u0111\u1ebfn nhi\u1ec7t \u0111\u1ed9 c\u1ee7a ch\u00ednh m\u00e1y. Do \u0111\u00f3, th\u1eddi gian ng\u1eaft qu\u00e3ng c\u1ee7a b\u01a1m b\u00f4i tr\u01a1n c\u1ea7n \u0111\u01b0\u1ee3c thi\u1ebft l\u1eadp l\u1edbn h\u01a1n 10 l\u1ea7n th\u1eddi gian t\u00e1c \u0111\u1ed9ng \u0111\u1ec3 cho ph\u00e9p \u0111\u1ed9ng c\u01a1 t\u1ea3n nhi\u1ec7t hi\u1ec7u qu\u1ea3. V\u00ed d\u1ee5: th\u1eddi gian t\u00e1c \u0111\u1ed9ng \u0111\u01b0\u1ee3c thi\u1ebft l\u1eadp l\u00e0 60 gi\u00e2y, do \u0111\u00f3 gi\u00e1 tr\u1ecb thi\u1ebft l\u1eadp th\u1eddi gian ng\u1eaft qu\u00e3ng t\u1ed1i thi\u1ec3u c\u1ea7n ph\u1ea3i l\u00e0 600 gi\u00e2y.<br \/>\n5. \u0110\u1ed1i v\u1edbi th\u1eddi gian c\u00e0i \u0111\u1eb7t c\u1ee7a b\u01a1m b\u00f4i tr\u01a1n \u0111i\u1ec7n, h\u00e0nh \u0111\u1ed9ng b\u00f4i tr\u01a1n \u0111\u1ea7u ti\u00ean sau khi b\u1eadt m\u00e1y v\u00e0o ng\u00e0y h\u00f4m sau sau khi t\u1eaft m\u00e1y c\u00f3 th\u1ec3 kh\u00f4ng \u0111\u1ee7 \u00e1p su\u1ea5t. \u0110i\u1ec1u n\u00e0y l\u00e0 do \u00e1p su\u1ea5t d\u01b0 b\u00ean trong \u1ed1ng d\u1ea7u \u0111\u00e3 \u0111\u01b0\u1ee3c gi\u1ea3i ph\u00f3ng ho\u00e0n to\u00e0n. Khuy\u1ebfn ngh\u1ecb th\u1eddi gian h\u00e0nh \u0111\u1ed9ng kh\u1edfi \u0111\u1ed9ng \u0111\u1ea7u ti\u00ean ph\u1ea3i l\u1edbn h\u01a1n 140% so v\u1edbi h\u00e0nh \u0111\u1ed9ng b\u00ecnh th\u01b0\u1eddng.<\/p>\n<h2>H\u01b0\u1edbng d\u1eabn s\u1eed d\u1ee5ng<\/h2>\n<div class=\"sdm_download_button_box_default\"><div class=\"sdm_download_link\"><a href=\"https:\/\/www.jinpinlub.com\/vi\/?sdm_process_download=1&download_id=4088\" class=\"sdm_download white\" title=\"Ri\u00eang t\u01b0: JHGS4 Pressure-relief Pump\" target=\"&quot;_blank&quot;\">Xem B\u1ea3ng d\u1eef li\u1ec7u - B\u01a1m m\u1ee1 JHGS4<\/a><\/div><\/div>","protected":false},"excerpt":{"rendered":"<p>JHGS4 l\u00e0 b\u01a1m b\u00f4i tr\u01a1n \u0111i\u1ec7n t\u1eed lo\u1ea1i h\u1ed9p m\u1ef1c \u0111\u01a1n gi\u1ea3m \u00e1p \u0111\u01b0\u1ee3c \u0111i\u1ec1u khi\u1ec3n b\u1edfi PLC ch\u1ee7. Khi ch\u1ea5t b\u00f4i tr\u01a1n trong h\u1ed9p m\u1ef1c h\u1ebft, ng\u01b0\u1eddi d\u00f9ng ch\u1ec9 c\u1ea7n thay th\u1ebf b\u1eb1ng h\u1ed9p m\u1ef1c ti\u00eau chu\u1ea9n, thu\u1eadn ti\u1ec7n cho vi\u1ec7c v\u1eadn h\u00e0nh v\u00e0 b\u1ea3o tr\u00ec.<\/p>","protected":false},"featured_media":4102,"template":"","meta":{"ocean_post_layout":"","ocean_both_sidebars_style":"","ocean_both_sidebars_content_width":0,"ocean_both_sidebars_sidebars_width":0,"ocean_sidebar":"0","ocean_second_sidebar":"0","ocean_disable_margins":"enable","ocean_add_body_class":"","ocean_shortcode_before_top_bar":"","ocean_shortcode_after_top_bar":"","ocean_shortcode_before_header":"","ocean_shortcode_after_header":"","ocean_has_shortcode":"","ocean_shortcode_after_title":"","ocean_shortcode_before_footer_widgets":"","ocean_shortcode_after_footer_widgets":"","ocean_shortcode_before_footer_bottom":"","ocean_shortcode_after_footer_bottom":"","ocean_display_top_bar":"default","ocean_display_header":"default","ocean_header_style":"","ocean_center_header_left_menu":"0","ocean_custom_header_template":"0","ocean_custom_logo":0,"ocean_custom_retina_logo":0,"ocean_custom_logo_max_width":0,"ocean_custom_logo_tablet_max_width":0,"ocean_custom_logo_mobile_max_width":0,"ocean_custom_logo_max_height":0,"ocean_custom_logo_tablet_max_height":0,"ocean_custom_logo_mobile_max_height":0,"ocean_header_custom_menu":"0","ocean_menu_typo_font_family":"0","ocean_menu_typo_font_subset":"","ocean_menu_typo_font_size":0,"ocean_menu_typo_font_size_tablet":0,"ocean_menu_typo_font_size_mobile":0,"ocean_menu_typo_font_size_unit":"px","ocean_menu_typo_font_weight":"","ocean_menu_typo_font_weight_tablet":"","ocean_menu_typo_font_weight_mobile":"","ocean_menu_typo_transform":"","ocean_menu_typo_transform_tablet":"","ocean_menu_typo_transform_mobile":"","ocean_menu_typo_line_height":0,"ocean_menu_typo_line_height_tablet":0,"ocean_menu_typo_line_height_mobile":0,"ocean_menu_typo_line_height_unit":"","ocean_menu_typo_spacing":0,"ocean_menu_typo_spacing_tablet":0,"ocean_menu_typo_spacing_mobile":0,"ocean_menu_typo_spacing_unit":"","ocean_menu_link_color":"","ocean_menu_link_color_hover":"","ocean_menu_link_color_active":"","ocean_menu_link_background":"","ocean_menu_link_hover_background":"","ocean_menu_link_active_background":"","ocean_menu_social_links_bg":"","ocean_menu_social_hover_links_bg":"","ocean_menu_social_links_color":"","ocean_menu_social_hover_links_color":"","ocean_disable_title":"default","ocean_disable_heading":"default","ocean_post_title":"","ocean_post_subheading":"","ocean_post_title_style":"","ocean_post_title_background_color":"","ocean_post_title_background":0,"ocean_post_title_bg_image_position":"","ocean_post_title_bg_image_attachment":"","ocean_post_title_bg_image_repeat":"","ocean_post_title_bg_image_size":"","ocean_post_title_height":0,"ocean_post_title_bg_overlay":0.5,"ocean_post_title_bg_overlay_color":"","ocean_disable_breadcrumbs":"default","ocean_breadcrumbs_color":"","ocean_breadcrumbs_separator_color":"","ocean_breadcrumbs_links_color":"","ocean_breadcrumbs_links_hover_color":"","ocean_display_footer_widgets":"default","ocean_display_footer_bottom":"default","ocean_custom_footer_template":"0","osh_disable_topbar_sticky":"default","osh_disable_header_sticky":"default","osh_sticky_header_style":"default","osh_sticky_header_effect":"","osh_custom_sticky_logo":0,"osh_custom_retina_sticky_logo":0,"osh_custom_sticky_logo_height":0,"osh_background_color":"","osh_links_color":"","osh_links_hover_color":"","osh_links_active_color":"","osh_links_bg_color":"","osh_links_hover_bg_color":"","osh_links_active_bg_color":"","osh_menu_social_links_color":"","osh_menu_social_hover_links_color":""},"product_brand":[],"product_cat":[38,37],"product_tag":[393,392,391,73,76],"class_list":{"0":"post-4106","1":"product","2":"type-product","3":"status-publish","4":"has-post-thumbnail","6":"product_cat-electric-pressure-relief-pumps","7":"product_cat-single-line-grease-systems","8":"product_tag-dc-pressure-lubricator","9":"product_tag-electric-lube-system","10":"product_tag-electric-lubricant-pump","11":"product_tag-electric-lubrication-pump","12":"product_tag-electric-lubrication-system","14":"entry","15":"has-media","17":"first","18":"instock","19":"shipping-taxable","20":"product-type-external","21":"col","22":"span_1_of_3","23":"owp-content-center","24":"owp-thumbs-layout-horizontal","25":"owp-btn-very-big","26":"owp-tabs-layout-horizontal"},"_links":{"self":[{"href":"https:\/\/www.jinpinlub.com\/vi\/wp-json\/wp\/v2\/product\/4106","targetHints":{"allow":["GET"]}}],"collection":[{"href":"https:\/\/www.jinpinlub.com\/vi\/wp-json\/wp\/v2\/product"}],"about":[{"href":"https:\/\/www.jinpinlub.com\/vi\/wp-json\/wp\/v2\/types\/product"}],"wp:featuredmedia":[{"embeddable":true,"href":"https:\/\/www.jinpinlub.com\/vi\/wp-json\/wp\/v2\/media\/4102"}],"wp:attachment":[{"href":"https:\/\/www.jinpinlub.com\/vi\/wp-json\/wp\/v2\/media?parent=4106"}],"wp:term":[{"taxonomy":"product_brand","embeddable":true,"href":"https:\/\/www.jinpinlub.com\/vi\/wp-json\/wp\/v2\/product_brand?post=4106"},{"taxonomy":"product_cat","embeddable":true,"href":"https:\/\/www.jinpinlub.com\/vi\/wp-json\/wp\/v2\/product_cat?post=4106"},{"taxonomy":"product_tag","embeddable":true,"href":"https:\/\/www.jinpinlub.com\/vi\/wp-json\/wp\/v2\/product_tag?post=4106"}],"curies":[{"name":"wp","href":"https:\/\/api.w.org\/{rel}","templated":true}]}}