{"id":4119,"date":"2025-01-18T18:26:38","date_gmt":"2025-01-18T10:26:38","guid":{"rendered":"https:\/\/www.jinpinlub.com\/?post_type=product&#038;p=4119"},"modified":"2025-01-18T21:30:25","modified_gmt":"2025-01-18T13:30:25","slug":"pa-brass-compression-bushing-adapters-phu-kien-nen","status":"publish","type":"product","link":"https:\/\/www.jinpinlub.com\/vi\/product\/pa-brass-compression-bushing-adapters-compression-fittings\/","title":{"rendered":"B\u1ed9 chuy\u1ec3n \u0111\u1ed5i \u1ed1ng l\u00f3t n\u00e9n b\u1eb1ng \u0111\u1ed3ng PA Ph\u1ee5 ki\u1ec7n n\u00e9n"},"content":{"rendered":"<h2>T\u00ednh n\u0103ng<\/h2>\n<p>\u2013 \u1ed0ng l\u00f3t n\u00e9n \u0111\u01b0\u1ee3c l\u1eafp theo ki\u1ec3u \u1ed1ng l\u00f3t, k\u1ebft h\u1ee3p ch\u1eb7t ch\u1ebd, kh\u00f4ng d\u1ec5 b\u1ecb l\u1ecfng v\u00e0 r\u01a1i ra, c\u00f3 kh\u1ea3 n\u0103ng b\u1ecbt k\u00edn t\u1ed1t v\u00e0 ng\u0103n r\u00f2 r\u1ec9 hi\u1ec7u qu\u1ea3.<br \/>\n\u2013 \u1ed0ng l\u00f3t n\u00e9n c\u00f3 th\u1ec3 ch\u1ecbu \u00e1p su\u1ea5t 3MPa v\u00e0 ho\u1ea1t \u0111\u1ed9ng \u1ed5n \u0111\u1ecbnh trong m\u1ea1ch d\u1ea7u \u00e1p su\u1ea5t cao ho\u1eb7c h\u1ec7 th\u1ed1ng kh\u00ed n\u00e9n.<br \/>\n\u2013 Nhi\u1ec7t \u0111\u1ed9 ho\u1ea1t \u0111\u1ed9ng c\u1ee7a \u1ed1ng l\u00f3t n\u00e9n ch\u1ecbu \u0111\u01b0\u1ee3c ph\u1ea1m vi t\u1eeb -20\u2103 \u0111\u1ebfn 80\u2103, c\u00f3 th\u1ec3 ph\u00f9 h\u1ee3p v\u1edbi nhi\u1ec1u lo\u1ea1i kh\u00ed h\u1eadu v\u00e0 m\u00f4i tr\u01b0\u1eddng c\u00f4ng nghi\u1ec7p kh\u00e1c nhau.<br \/>\n\u2013 V\u1eadt li\u1ec7u c\u1ee7a \u1ed1ng l\u00f3t n\u00e9n l\u00e0 \u0111\u1ed3ng thau, c\u00f3 \u0111\u1ed9 b\u1ec1n cao v\u00e0 kh\u1ea3 n\u0103ng ch\u1ed1ng \u0103n m\u00f2n, k\u00e9o d\u00e0i tu\u1ed5i th\u1ecd v\u00e0 gi\u1ea3m chi ph\u00ed b\u1ea3o tr\u00ec.<\/p>\n<h2>\u0110\u1eb7c \u0111i\u1ec3m k\u1ef9 thu\u1eadt<\/h2>\n<figure id=\"attachment_4125\" aria-describedby=\"caption-attachment-4125\" style=\"width: 800px\" class=\"wp-caption alignnone\"><img loading=\"lazy\" decoding=\"async\" class=\"size-full wp-image-4125\" src=\"https:\/\/www.jinpinlub.com\/wp-content\/uploads\/2025\/01\/brass-compression-bushing-6.jpg\" alt=\"\u1ed1ng l\u00f3t n\u00e9n b\u1eb1ng \u0111\u1ed3ng thau (6)\" width=\"800\" height=\"508\" srcset=\"https:\/\/www.jinpinlub.com\/wp-content\/uploads\/2025\/01\/brass-compression-bushing-6.jpg 800w, https:\/\/www.jinpinlub.com\/wp-content\/uploads\/2025\/01\/brass-compression-bushing-6-300x191.jpg 300w, https:\/\/www.jinpinlub.com\/wp-content\/uploads\/2025\/01\/brass-compression-bushing-6-768x488.jpg 768w, https:\/\/www.jinpinlub.com\/wp-content\/uploads\/2025\/01\/brass-compression-bushing-6-18x12.jpg 18w\" sizes=\"auto, (max-width: 800px) 100vw, 800px\" \/><figcaption id=\"caption-attachment-4125\" class=\"wp-caption-text\">\u1ed1ng l\u00f3t n\u00e9n b\u1eb1ng \u0111\u1ed3ng thau (6)<\/figcaption><\/figure>\n<h2>Nguy\u00ean t\u1eafc<\/h2>\n<p>Ph\u1edbt n\u00e9n: V\u1ec1 c\u01a1 b\u1ea3n, nguy\u00ean l\u00fd ho\u1ea1t \u0111\u1ed9ng c\u1ee7a m\u1ed1i n\u1ed1i n\u00e9n PA l\u00e0 trong qu\u00e1 tr\u00ecnh v\u1eb7n \u0111ai \u1ed1c, v\u00f2ng \u0111\u1ec7m b\u00ean trong ho\u1eb7c v\u00f2ng \u0111\u1ec7m s\u1ebd bi\u1ebfn d\u1ea1ng v\u00e0 b\u1ecb n\u00e9n l\u1ea1i \u0111\u1ec3 b\u00e1m ch\u1eb7t v\u00e0o th\u00e0nh ngo\u00e0i c\u1ee7a \u1ed1ng v\u00e0 t\u1ea1o ra k\u1ebft n\u1ed1i k\u00edn gi\u00fap ch\u1ed1ng r\u00f2 r\u1ec9 ch\u1ea5t l\u1ecfng.<br \/>\nSi\u1ebft ch\u1eb7t c\u01a1 h\u1ecdc l\u00e0 k\u1ef9 thu\u1eadt d\u1ef1a v\u00e0o vi\u1ec7c v\u1eb7n ren, gi\u00fap k\u1ebft n\u1ed1i ch\u1eafc ch\u1eafn v\u1edbi \u1ed1ng ho\u1eb7c c\u00e1c ph\u1ee5 ki\u1ec7n \u1ed1ng kh\u00e1c trong khi ch\u1ecbu m\u1ed9t \u00e1p su\u1ea5t v\u00e0 \u0111\u1ed9 c\u0103ng nh\u1ea5t \u0111\u1ecbnh \u0111\u1ec3 \u0111\u1ea3m b\u1ea3o \u0111\u1ed9 \u1ed5n \u0111\u1ecbnh khi k\u1ebft n\u1ed1i.<\/p>\n<figure id=\"attachment_4124\" aria-describedby=\"caption-attachment-4124\" style=\"width: 800px\" class=\"wp-caption alignnone\"><img loading=\"lazy\" decoding=\"async\" class=\"size-full wp-image-4124\" src=\"https:\/\/www.jinpinlub.com\/wp-content\/uploads\/2025\/01\/brass-compression-bushing-5.jpg\" alt=\"\u1ed1ng l\u00f3t n\u00e9n b\u1eb1ng \u0111\u1ed3ng thau (5)\" width=\"800\" height=\"800\" srcset=\"https:\/\/www.jinpinlub.com\/wp-content\/uploads\/2025\/01\/brass-compression-bushing-5.jpg 800w, https:\/\/www.jinpinlub.com\/wp-content\/uploads\/2025\/01\/brass-compression-bushing-5-300x300.jpg 300w, https:\/\/www.jinpinlub.com\/wp-content\/uploads\/2025\/01\/brass-compression-bushing-5-150x150.jpg 150w, https:\/\/www.jinpinlub.com\/wp-content\/uploads\/2025\/01\/brass-compression-bushing-5-768x768.jpg 768w, https:\/\/www.jinpinlub.com\/wp-content\/uploads\/2025\/01\/brass-compression-bushing-5-12x12.jpg 12w, https:\/\/www.jinpinlub.com\/wp-content\/uploads\/2025\/01\/brass-compression-bushing-5-600x600.jpg 600w, https:\/\/www.jinpinlub.com\/wp-content\/uploads\/2025\/01\/brass-compression-bushing-5-100x100.jpg 100w\" sizes=\"auto, (max-width: 800px) 100vw, 800px\" \/><figcaption id=\"caption-attachment-4124\" class=\"wp-caption-text\">\u1ed1ng l\u00f3t n\u00e9n b\u1eb1ng \u0111\u1ed3ng thau (5)<\/figcaption><\/figure>\n<h2>H\u01b0\u1edbng d\u1eabn s\u1eed d\u1ee5ng<\/h2>\n<div class=\"sdm_download_button_box_default\"><div class=\"sdm_download_link\"><a href=\"https:\/\/www.jinpinlub.com\/vi\/?sdm_process_download=1&download_id=3172\" class=\"sdm_download white\" title=\"Ri\u00eang t\u01b0: PA\/PB\/PD\/Connector\" target=\"&quot;_blank&quot;\">Xem B\u1ea3ng d\u1eef li\u1ec7u - \u0110\u1ea7u n\u1ed1i PA\/PB\/PD<\/a><\/div><\/div>","protected":false},"excerpt":{"rendered":"<p>\u1ed0ng l\u00f3t n\u00e9n PA th\u01b0\u1eddng \u0111\u01b0\u1ee3c s\u1eed d\u1ee5ng \u0111\u1ec3 k\u1ebft n\u1ed1i \u1ed1ng d\u1eabn d\u1ea7u v\u00e0 \u1ed1ng d\u1eabn kh\u00ed trong h\u1ec7 th\u1ed1ng th\u1ee7y l\u1ef1c v\u00e0 kh\u00ed n\u00e9n c\u1ee7a m\u00e1y c\u00f4ng c\u1ee5. Ch\u00fang c\u0169ng \u0111\u01b0\u1ee3c s\u1eed d\u1ee5ng \u0111\u1ec3 k\u1ebft n\u1ed1i \u0111\u01b0\u1eddng \u1ed1ng trong d\u00e2y chuy\u1ec1n s\u1ea3n xu\u1ea5t t\u1ef1 \u0111\u1ed9ng, ch\u1eb3ng h\u1ea1n nh\u01b0 v\u1eadn chuy\u1ec3n kh\u00ed n\u00e9n, ch\u1ea5t l\u00e0m m\u00e1t.<\/p>","protected":false},"featured_media":4120,"template":"","meta":{"ocean_post_layout":"","ocean_both_sidebars_style":"","ocean_both_sidebars_content_width":0,"ocean_both_sidebars_sidebars_width":0,"ocean_sidebar":"0","ocean_second_sidebar":"0","ocean_disable_margins":"enable","ocean_add_body_class":"","ocean_shortcode_before_top_bar":"","ocean_shortcode_after_top_bar":"","ocean_shortcode_before_header":"","ocean_shortcode_after_header":"","ocean_has_shortcode":"","ocean_shortcode_after_title":"","ocean_shortcode_before_footer_widgets":"","ocean_shortcode_after_footer_widgets":"","ocean_shortcode_before_footer_bottom":"","ocean_shortcode_after_footer_bottom":"","ocean_display_top_bar":"default","ocean_display_header":"default","ocean_header_style":"","ocean_center_header_left_menu":"0","ocean_custom_header_template":"0","ocean_custom_logo":0,"ocean_custom_retina_logo":0,"ocean_custom_logo_max_width":0,"ocean_custom_logo_tablet_max_width":0,"ocean_custom_logo_mobile_max_width":0,"ocean_custom_logo_max_height":0,"ocean_custom_logo_tablet_max_height":0,"ocean_custom_logo_mobile_max_height":0,"ocean_header_custom_menu":"0","ocean_menu_typo_font_family":"0","ocean_menu_typo_font_subset":"","ocean_menu_typo_font_size":0,"ocean_menu_typo_font_size_tablet":0,"ocean_menu_typo_font_size_mobile":0,"ocean_menu_typo_font_size_unit":"px","ocean_menu_typo_font_weight":"","ocean_menu_typo_font_weight_tablet":"","ocean_menu_typo_font_weight_mobile":"","ocean_menu_typo_transform":"","ocean_menu_typo_transform_tablet":"","ocean_menu_typo_transform_mobile":"","ocean_menu_typo_line_height":0,"ocean_menu_typo_line_height_tablet":0,"ocean_menu_typo_line_height_mobile":0,"ocean_menu_typo_line_height_unit":"","ocean_menu_typo_spacing":0,"ocean_menu_typo_spacing_tablet":0,"ocean_menu_typo_spacing_mobile":0,"ocean_menu_typo_spacing_unit":"","ocean_menu_link_color":"","ocean_menu_link_color_hover":"","ocean_menu_link_color_active":"","ocean_menu_link_background":"","ocean_menu_link_hover_background":"","ocean_menu_link_active_background":"","ocean_menu_social_links_bg":"","ocean_menu_social_hover_links_bg":"","ocean_menu_social_links_color":"","ocean_menu_social_hover_links_color":"","ocean_disable_title":"default","ocean_disable_heading":"default","ocean_post_title":"","ocean_post_subheading":"","ocean_post_title_style":"","ocean_post_title_background_color":"","ocean_post_title_background":0,"ocean_post_title_bg_image_position":"","ocean_post_title_bg_image_attachment":"","ocean_post_title_bg_image_repeat":"","ocean_post_title_bg_image_size":"","ocean_post_title_height":0,"ocean_post_title_bg_overlay":0.5,"ocean_post_title_bg_overlay_color":"","ocean_disable_breadcrumbs":"default","ocean_breadcrumbs_color":"","ocean_breadcrumbs_separator_color":"","ocean_breadcrumbs_links_color":"","ocean_breadcrumbs_links_hover_color":"","ocean_display_footer_widgets":"default","ocean_display_footer_bottom":"default","ocean_custom_footer_template":"0","osh_disable_topbar_sticky":"default","osh_disable_header_sticky":"default","osh_sticky_header_style":"default","osh_sticky_header_effect":"","osh_custom_sticky_logo":0,"osh_custom_retina_sticky_logo":0,"osh_custom_sticky_logo_height":0,"osh_background_color":"","osh_links_color":"","osh_links_hover_color":"","osh_links_active_color":"","osh_links_bg_color":"","osh_links_hover_bg_color":"","osh_links_active_bg_color":"","osh_menu_social_links_color":"","osh_menu_social_hover_links_color":""},"product_brand":[],"product_cat":[31],"product_tag":[400,401,399,397,398],"class_list":{"0":"post-4119","1":"product","2":"type-product","3":"status-publish","4":"has-post-thumbnail","6":"product_cat-lube-system-accessories","7":"product_tag-brass-connector","8":"product_tag-brass-pipe-fittings","9":"product_tag-compression-adapter","10":"product_tag-compression-bushing","11":"product_tag-compression-connector","13":"entry","14":"has-media","16":"first","17":"instock","18":"shipping-taxable","19":"product-type-external","20":"col","21":"span_1_of_3","22":"owp-content-center","23":"owp-thumbs-layout-horizontal","24":"owp-btn-very-big","25":"owp-tabs-layout-horizontal"},"_links":{"self":[{"href":"https:\/\/www.jinpinlub.com\/vi\/wp-json\/wp\/v2\/product\/4119","targetHints":{"allow":["GET"]}}],"collection":[{"href":"https:\/\/www.jinpinlub.com\/vi\/wp-json\/wp\/v2\/product"}],"about":[{"href":"https:\/\/www.jinpinlub.com\/vi\/wp-json\/wp\/v2\/types\/product"}],"wp:featuredmedia":[{"embeddable":true,"href":"https:\/\/www.jinpinlub.com\/vi\/wp-json\/wp\/v2\/media\/4120"}],"wp:attachment":[{"href":"https:\/\/www.jinpinlub.com\/vi\/wp-json\/wp\/v2\/media?parent=4119"}],"wp:term":[{"taxonomy":"product_brand","embeddable":true,"href":"https:\/\/www.jinpinlub.com\/vi\/wp-json\/wp\/v2\/product_brand?post=4119"},{"taxonomy":"product_cat","embeddable":true,"href":"https:\/\/www.jinpinlub.com\/vi\/wp-json\/wp\/v2\/product_cat?post=4119"},{"taxonomy":"product_tag","embeddable":true,"href":"https:\/\/www.jinpinlub.com\/vi\/wp-json\/wp\/v2\/product_tag?post=4119"}],"curies":[{"name":"wp","href":"https:\/\/api.w.org\/{rel}","templated":true}]}}