{"id":4127,"date":"2025-01-19T05:18:35","date_gmt":"2025-01-18T21:18:35","guid":{"rendered":"https:\/\/www.jinpinlub.com\/?post_type=product&#038;p=4127"},"modified":"2025-01-19T05:37:29","modified_gmt":"2025-01-18T21:37:29","slug":"kep-vong-dem-hinh-non-doi-bang-dong-thau-pb-ong-nen","status":"publish","type":"product","link":"https:\/\/www.jinpinlub.com\/vi\/product\/pb-brass-double-cone-sealing-ring-clamp-compression-sleeve\/","title":{"rendered":"K\u1eb9p v\u00f2ng \u0111\u1ec7m k\u00edn h\u00ecnh n\u00f3n \u0111\u00f4i b\u1eb1ng \u0111\u1ed3ng thau PB"},"content":{"rendered":"<h2>T\u00ednh n\u0103ng<\/h2>\n<p>\u2013 H\u00ecnh d\u1ea1ng h\u00ecnh n\u00f3n \u0111\u00f4i: \u1ed0ng l\u00f3t n\u00e9n c\u00f3 hai b\u1ec1 m\u1eb7t b\u1ecbt k\u00edn h\u00ecnh n\u00f3n. H\u00ecnh d\u1ea1ng n\u00e0y gi\u00fap \u1ed1ng l\u00f3t th\u00edch \u1ee9ng t\u1ed1t h\u01a1n v\u1edbi h\u00ecnh d\u1ea1ng b\u1ec1 m\u1eb7t c\u1ee7a \u1ed1ng khi si\u1ebft ch\u1eb7t \u1ed1ng n\u1ed1i, t\u0103ng di\u1ec7n t\u00edch ti\u1ebfp x\u00fac b\u1ecbt k\u00edn v\u00e0 c\u1ea3i thi\u1ec7n hi\u1ec7u su\u1ea5t b\u1ecbt k\u00edn.<br \/>\n\u2013 \u0110\u1eb7c \u0111i\u1ec3m v\u1eadt li\u1ec7u: \u0110\u01b0\u1ee3c l\u00e0m b\u1eb1ng v\u1eadt li\u1ec7u \u0111\u1ed3ng thau, c\u00f3 \u0111\u1ed9 b\u1ec1n t\u1ed1t, ch\u1ed1ng \u0103n m\u00f2n v\u00e0 ch\u1ed1ng m\u00e0i m\u00f2n. \u1ed0ng n\u00e9n \u0111\u1ed3ng c\u00f3 th\u1ec3 duy tr\u00ec hi\u1ec7u su\u1ea5t \u1ed5n \u0111\u1ecbnh trong c\u00e1c m\u00f4i tr\u01b0\u1eddng l\u00e0m vi\u1ec7c kh\u00e1c nhau, kh\u00f4ng d\u1ec5 b\u1ecb \u0103n m\u00f2n b\u1edfi d\u1ea7u, kh\u00f4ng kh\u00ed v\u00e0 c\u00e1c ph\u01b0\u01a1ng ti\u1ec7n kh\u00e1c, \u0111\u1ed3ng th\u1eddi c\u00f3 th\u1ec3 ch\u1ecbu \u0111\u01b0\u1ee3c m\u1ed9t m\u1ee9c \u0111\u1ed9 ma s\u00e1t v\u00e0 \u0111\u00f9n nh\u1ea5t \u0111\u1ecbnh.<\/p>\n<h2>\u0110\u1eb7c \u0111i\u1ec3m k\u1ef9 thu\u1eadt<\/h2>\n<figure id=\"attachment_4133\" aria-describedby=\"caption-attachment-4133\" style=\"width: 800px\" class=\"wp-caption alignnone\"><img loading=\"lazy\" decoding=\"async\" class=\"size-full wp-image-4133\" src=\"https:\/\/www.jinpinlub.com\/wp-content\/uploads\/2025\/01\/PB-compression-Sleeve-5.jpg\" alt=\"\u1ed0ng n\u00e9n PB (5)\" width=\"800\" height=\"460\" srcset=\"https:\/\/www.jinpinlub.com\/wp-content\/uploads\/2025\/01\/PB-compression-Sleeve-5.jpg 800w, https:\/\/www.jinpinlub.com\/wp-content\/uploads\/2025\/01\/PB-compression-Sleeve-5-300x173.jpg 300w, https:\/\/www.jinpinlub.com\/wp-content\/uploads\/2025\/01\/PB-compression-Sleeve-5-768x442.jpg 768w, https:\/\/www.jinpinlub.com\/wp-content\/uploads\/2025\/01\/PB-compression-Sleeve-5-18x10.jpg 18w\" sizes=\"auto, (max-width: 800px) 100vw, 800px\" \/><figcaption id=\"caption-attachment-4133\" class=\"wp-caption-text\">\u1ed0ng n\u00e9n PB (5)<\/figcaption><\/figure>\n<h2>\u1ee8ng d\u1ee5ng<\/h2>\n<p>H\u1ec7 th\u1ed1ng th\u1ee7y l\u1ef1c: Trong thi\u1ebft b\u1ecb th\u1ee7y l\u1ef1c, \u1ed1ng n\u00e9n \u0111\u01b0\u1ee3c s\u1eed d\u1ee5ng \u0111\u1ec3 k\u1ebft n\u1ed1i c\u00e1c \u1ed1ng d\u1ea7u th\u1ee7y l\u1ef1c nh\u1eb1m \u0111\u1ea3m b\u1ea3o d\u1ea7u th\u1ee7y l\u1ef1c ch\u1ea3y tr\u01a1n tru trong h\u1ec7 th\u1ed1ng \u0111\u1ed3ng th\u1eddi ng\u0103n ng\u1eeba r\u00f2 r\u1ec9 d\u1ea7u.<br \/>\nH\u1ec7 th\u1ed1ng b\u00f4i tr\u01a1n: Trong c\u00e1c thi\u1ebft b\u1ecb nh\u01b0 b\u01a1m b\u00f4i tr\u01a1n, \u1ed1ng n\u00e9n \u0111\u01b0\u1ee3c s\u1eed d\u1ee5ng \u0111\u1ec3 k\u1ebft n\u1ed1i c\u00e1c \u1ed1ng b\u00f4i tr\u01a1n nh\u1eb1m cung c\u1ea5p ngu\u1ed3n ch\u1ea5t b\u00f4i tr\u01a1n \u1ed5n \u0111\u1ecbnh cho thi\u1ebft b\u1ecb c\u01a1 kh\u00ed.<br \/>\nTruy\u1ec1n ch\u1ea5t l\u1ecfng kh\u00e1c: \u1ed0ng n\u00e9n c\u00f3 th\u1ec3 \u0111\u01b0\u1ee3c s\u1eed d\u1ee5ng trong h\u1ec7 th\u1ed1ng \u0111\u01b0\u1eddng \u1ed1ng truy\u1ec1n c\u00e1c ch\u1ea5t l\u1ecfng ho\u1eb7c kh\u00ed kh\u00e1c, ch\u1eb3ng h\u1ea1n nh\u01b0 ch\u1ea5t l\u00e0m m\u00e1t v\u00e0 kh\u00ed n\u00e9n.<\/p>\n<figure id=\"attachment_4124\" aria-describedby=\"caption-attachment-4124\" style=\"width: 800px\" class=\"wp-caption alignnone\"><img loading=\"lazy\" decoding=\"async\" class=\"size-full wp-image-4124\" src=\"https:\/\/www.jinpinlub.com\/wp-content\/uploads\/2025\/01\/brass-compression-bushing-5.jpg\" alt=\"\u1ed1ng l\u00f3t n\u00e9n b\u1eb1ng \u0111\u1ed3ng thau (5)\" width=\"800\" height=\"800\" srcset=\"https:\/\/www.jinpinlub.com\/wp-content\/uploads\/2025\/01\/brass-compression-bushing-5.jpg 800w, https:\/\/www.jinpinlub.com\/wp-content\/uploads\/2025\/01\/brass-compression-bushing-5-300x300.jpg 300w, https:\/\/www.jinpinlub.com\/wp-content\/uploads\/2025\/01\/brass-compression-bushing-5-150x150.jpg 150w, https:\/\/www.jinpinlub.com\/wp-content\/uploads\/2025\/01\/brass-compression-bushing-5-768x768.jpg 768w, https:\/\/www.jinpinlub.com\/wp-content\/uploads\/2025\/01\/brass-compression-bushing-5-12x12.jpg 12w, https:\/\/www.jinpinlub.com\/wp-content\/uploads\/2025\/01\/brass-compression-bushing-5-600x600.jpg 600w, https:\/\/www.jinpinlub.com\/wp-content\/uploads\/2025\/01\/brass-compression-bushing-5-100x100.jpg 100w\" sizes=\"auto, (max-width: 800px) 100vw, 800px\" \/><figcaption id=\"caption-attachment-4124\" class=\"wp-caption-text\">\u1ed1ng l\u00f3t n\u00e9n b\u1eb1ng \u0111\u1ed3ng thau (5)<\/figcaption><\/figure>\n<h2>H\u01b0\u1edbng d\u1eabn s\u1eed d\u1ee5ng<\/h2>\n<div class=\"sdm_download_button_box_default\"><div class=\"sdm_download_link\"><a href=\"https:\/\/www.jinpinlub.com\/vi\/?sdm_process_download=1&download_id=3172\" class=\"sdm_download white\" title=\"Ri\u00eang t\u01b0: PA\/PB\/PD\/Connector\" target=\"&quot;_blank&quot;\">Xem B\u1ea3ng d\u1eef li\u1ec7u - \u0110\u1ea7u n\u1ed1i PA\/PB\/PD<\/a><\/div><\/div>","protected":false},"excerpt":{"rendered":"<p>\u1ed0ng n\u00e9n PB ch\u1ee7 y\u1ebfu \u0111\u01b0\u1ee3c s\u1eed d\u1ee5ng t\u1ea1i m\u1ed1i n\u1ed1i \u1ed1ng d\u1eabn d\u1ea7u, v\u1eeba kh\u00edt v\u1edbi c\u00e1c ph\u1ee5 ki\u1ec7n \u1ed1ng th\u00f4ng qua c\u1ea5u tr\u00fac h\u00ecnh n\u00f3n \u0111\u00f4i \u0111\u1ec3 t\u1ea1o th\u00e0nh l\u1edbp \u0111\u1ec7m k\u00edn, ng\u0103n r\u00f2 r\u1ec9 d\u1ea7u v\u00e0 \u0111\u1ea3m b\u1ea3o \u0111\u1ed9 k\u00edn v\u00e0 \u1ed5n \u0111\u1ecbnh c\u1ee7a h\u1ec7 th\u1ed1ng th\u1ee7y l\u1ef1c ho\u1eb7c h\u1ec7 th\u1ed1ng b\u00f4i tr\u01a1n.<\/p>","protected":false},"featured_media":4128,"template":"","meta":{"ocean_post_layout":"","ocean_both_sidebars_style":"","ocean_both_sidebars_content_width":0,"ocean_both_sidebars_sidebars_width":0,"ocean_sidebar":"0","ocean_second_sidebar":"0","ocean_disable_margins":"enable","ocean_add_body_class":"","ocean_shortcode_before_top_bar":"","ocean_shortcode_after_top_bar":"","ocean_shortcode_before_header":"","ocean_shortcode_after_header":"","ocean_has_shortcode":"","ocean_shortcode_after_title":"","ocean_shortcode_before_footer_widgets":"","ocean_shortcode_after_footer_widgets":"","ocean_shortcode_before_footer_bottom":"","ocean_shortcode_after_footer_bottom":"","ocean_display_top_bar":"default","ocean_display_header":"default","ocean_header_style":"","ocean_center_header_left_menu":"0","ocean_custom_header_template":"0","ocean_custom_logo":0,"ocean_custom_retina_logo":0,"ocean_custom_logo_max_width":0,"ocean_custom_logo_tablet_max_width":0,"ocean_custom_logo_mobile_max_width":0,"ocean_custom_logo_max_height":0,"ocean_custom_logo_tablet_max_height":0,"ocean_custom_logo_mobile_max_height":0,"ocean_header_custom_menu":"0","ocean_menu_typo_font_family":"0","ocean_menu_typo_font_subset":"","ocean_menu_typo_font_size":0,"ocean_menu_typo_font_size_tablet":0,"ocean_menu_typo_font_size_mobile":0,"ocean_menu_typo_font_size_unit":"px","ocean_menu_typo_font_weight":"","ocean_menu_typo_font_weight_tablet":"","ocean_menu_typo_font_weight_mobile":"","ocean_menu_typo_transform":"","ocean_menu_typo_transform_tablet":"","ocean_menu_typo_transform_mobile":"","ocean_menu_typo_line_height":0,"ocean_menu_typo_line_height_tablet":0,"ocean_menu_typo_line_height_mobile":0,"ocean_menu_typo_line_height_unit":"","ocean_menu_typo_spacing":0,"ocean_menu_typo_spacing_tablet":0,"ocean_menu_typo_spacing_mobile":0,"ocean_menu_typo_spacing_unit":"","ocean_menu_link_color":"","ocean_menu_link_color_hover":"","ocean_menu_link_color_active":"","ocean_menu_link_background":"","ocean_menu_link_hover_background":"","ocean_menu_link_active_background":"","ocean_menu_social_links_bg":"","ocean_menu_social_hover_links_bg":"","ocean_menu_social_links_color":"","ocean_menu_social_hover_links_color":"","ocean_disable_title":"default","ocean_disable_heading":"default","ocean_post_title":"","ocean_post_subheading":"","ocean_post_title_style":"","ocean_post_title_background_color":"","ocean_post_title_background":0,"ocean_post_title_bg_image_position":"","ocean_post_title_bg_image_attachment":"","ocean_post_title_bg_image_repeat":"","ocean_post_title_bg_image_size":"","ocean_post_title_height":0,"ocean_post_title_bg_overlay":0.5,"ocean_post_title_bg_overlay_color":"","ocean_disable_breadcrumbs":"default","ocean_breadcrumbs_color":"","ocean_breadcrumbs_separator_color":"","ocean_breadcrumbs_links_color":"","ocean_breadcrumbs_links_hover_color":"","ocean_display_footer_widgets":"default","ocean_display_footer_bottom":"default","ocean_custom_footer_template":"0","osh_disable_topbar_sticky":"default","osh_disable_header_sticky":"default","osh_sticky_header_style":"default","osh_sticky_header_effect":"","osh_custom_sticky_logo":0,"osh_custom_retina_sticky_logo":0,"osh_custom_sticky_logo_height":0,"osh_background_color":"","osh_links_color":"","osh_links_hover_color":"","osh_links_active_color":"","osh_links_bg_color":"","osh_links_hover_bg_color":"","osh_links_active_bg_color":"","osh_menu_social_links_color":"","osh_menu_social_hover_links_color":""},"product_brand":[],"product_cat":[31],"product_tag":[400,403,399,398,402],"class_list":{"0":"post-4127","1":"product","2":"type-product","3":"status-publish","4":"has-post-thumbnail","6":"product_cat-lube-system-accessories","7":"product_tag-brass-connector","8":"product_tag-brass-sealing-ring","9":"product_tag-compression-adapter","10":"product_tag-compression-connector","11":"product_tag-compression-sleeve","13":"entry","14":"has-media","16":"first","17":"instock","18":"shipping-taxable","19":"product-type-external","20":"col","21":"span_1_of_3","22":"owp-content-center","23":"owp-thumbs-layout-horizontal","24":"owp-btn-very-big","25":"owp-tabs-layout-horizontal"},"_links":{"self":[{"href":"https:\/\/www.jinpinlub.com\/vi\/wp-json\/wp\/v2\/product\/4127","targetHints":{"allow":["GET"]}}],"collection":[{"href":"https:\/\/www.jinpinlub.com\/vi\/wp-json\/wp\/v2\/product"}],"about":[{"href":"https:\/\/www.jinpinlub.com\/vi\/wp-json\/wp\/v2\/types\/product"}],"wp:featuredmedia":[{"embeddable":true,"href":"https:\/\/www.jinpinlub.com\/vi\/wp-json\/wp\/v2\/media\/4128"}],"wp:attachment":[{"href":"https:\/\/www.jinpinlub.com\/vi\/wp-json\/wp\/v2\/media?parent=4127"}],"wp:term":[{"taxonomy":"product_brand","embeddable":true,"href":"https:\/\/www.jinpinlub.com\/vi\/wp-json\/wp\/v2\/product_brand?post=4127"},{"taxonomy":"product_cat","embeddable":true,"href":"https:\/\/www.jinpinlub.com\/vi\/wp-json\/wp\/v2\/product_cat?post=4127"},{"taxonomy":"product_tag","embeddable":true,"href":"https:\/\/www.jinpinlub.com\/vi\/wp-json\/wp\/v2\/product_tag?post=4127"}],"curies":[{"name":"wp","href":"https:\/\/api.w.org\/{rel}","templated":true}]}}