{"id":4139,"date":"2025-01-19T06:17:06","date_gmt":"2025-01-18T22:17:06","guid":{"rendered":"https:\/\/www.jinpinlub.com\/?post_type=product&#038;p=4139"},"modified":"2025-01-19T06:48:10","modified_gmt":"2025-01-18T22:48:10","slug":"ong-dong-thau-pi-chen-cho-phu-kien-nen-ong-nylon","status":"publish","type":"product","link":"https:\/\/www.jinpinlub.com\/vi\/product\/pi-brass-tube-inserts-for-nylon-tube-compression-fittings\/","title":{"rendered":"\u1ed0ng ch\u00e8n b\u1eb1ng \u0111\u1ed3ng PI cho ph\u1ee5 ki\u1ec7n n\u00e9n \u1ed1ng nylon"},"content":{"rendered":"<h2>T\u00ednh n\u0103ng<\/h2>\n<p>\u0110\u1ed9 b\u1ec1n v\u00e0 \u0111\u1ed9 c\u1ee9ng: \u1ed0ng ch\u00e8n b\u1eb1ng \u0111\u1ed3ng thau c\u00f3 \u0111\u1ed9 b\u1ec1n v\u00e0 \u0111\u1ed9 c\u1ee9ng cao, c\u00f3 th\u1ec3 ch\u1ecbu \u0111\u01b0\u1ee3c \u00e1p su\u1ea5t v\u00e0 \u0111\u1ed9 m\u00e0i m\u00f2n nh\u1ea5t \u0111\u1ecbnh, \u0111\u1ea3m b\u1ea3o t\u00ednh \u1ed5n \u0111\u1ecbnh v\u00e0 \u0111\u1ed9 b\u1ec1n c\u1ee7a \u1ed1ng d\u1ea7u b\u00f4i tr\u01a1n trong qu\u00e1 tr\u00ecnh s\u1eed d\u1ee5ng.<br \/>\nKh\u1ea3 n\u0103ng ch\u1ed1ng \u0103n m\u00f2n: \u1ed0ng \u0111\u1ed3ng thau c\u00f3 kh\u1ea3 n\u0103ng ch\u1ed1ng \u0103n m\u00f2n t\u1ed1t trong nhi\u1ec1u m\u00f4i tr\u01b0\u1eddng kh\u00e1c nhau, \u0111\u1eb7c bi\u1ec7t l\u00e0 c\u00e1c m\u00f4i tr\u01b0\u1eddng nh\u01b0 d\u1ea7u b\u00f4i tr\u01a1n.<\/p>\n<h2>\u0110\u1eb7c \u0111i\u1ec3m k\u1ef9 thu\u1eadt<\/h2>\n<figure id=\"attachment_4138\" aria-describedby=\"caption-attachment-4138\" style=\"width: 800px\" class=\"wp-caption alignnone\"><img loading=\"lazy\" decoding=\"async\" class=\"size-full wp-image-4138\" src=\"https:\/\/www.jinpinlub.com\/wp-content\/uploads\/2025\/01\/Brass-tube-insert-5.jpg\" alt=\"\u1ed0ng ch\u00e8n b\u1eb1ng \u0111\u1ed3ng thau (5)\" width=\"800\" height=\"490\" srcset=\"https:\/\/www.jinpinlub.com\/wp-content\/uploads\/2025\/01\/Brass-tube-insert-5.jpg 800w, https:\/\/www.jinpinlub.com\/wp-content\/uploads\/2025\/01\/Brass-tube-insert-5-300x184.jpg 300w, https:\/\/www.jinpinlub.com\/wp-content\/uploads\/2025\/01\/Brass-tube-insert-5-768x470.jpg 768w, https:\/\/www.jinpinlub.com\/wp-content\/uploads\/2025\/01\/Brass-tube-insert-5-18x12.jpg 18w\" sizes=\"auto, (max-width: 800px) 100vw, 800px\" \/><figcaption id=\"caption-attachment-4138\" class=\"wp-caption-text\">\u1ed0ng ch\u00e8n b\u1eb1ng \u0111\u1ed3ng thau (5)<\/figcaption><\/figure>\n<h2>\u1ee8ng d\u1ee5ng<\/h2>\n<p>K\u1ebft n\u1ed1i \u1ed1ng d\u1ea7u b\u00f4i tr\u01a1n: C\u00e1c mi\u1ebfng ch\u00e8n b\u1eb1ng \u0111\u1ed3ng th\u01b0\u1eddng \u0111\u01b0\u1ee3c s\u1eed d\u1ee5ng \u1edf c\u00e1c b\u1ed9 ph\u1eadn k\u1ebft n\u1ed1i c\u1ee7a \u1ed1ng d\u1ea7u b\u00f4i tr\u01a1n \u0111\u1ec3 b\u1ecbt k\u00edn v\u00e0 c\u1ed1 \u0111\u1ecbnh ch\u00fang, \u0111\u1ea3m b\u1ea3o d\u1ea7u b\u00f4i tr\u01a1n ch\u1ea3y tr\u01a1n tru trong \u0111\u01b0\u1eddng \u1ed1ng.<br \/>\nB\u1ea3o v\u1ec7 ch\u1ed1ng m\u00e0i m\u00f2n: \u1ede m\u1ed9t s\u1ed1 b\u1ed9 ph\u1eadn ch\u1ecbu m\u00e0i m\u00f2n nhi\u1ec1u h\u01a1n, ch\u1eb3ng h\u1ea1n nh\u01b0 b\u01a1m d\u1ea7u, m\u1ed1i n\u1ed1i \u1ed1ng d\u1eabn d\u1ea7u, v.v., mi\u1ebfng ch\u00e8n b\u1eb1ng \u0111\u1ed3ng c\u00f3 th\u1ec3 \u0111\u00f3ng vai tr\u00f2 b\u1ea3o v\u1ec7 v\u00e0 gi\u1ea3m m\u00e0i m\u00f2n.<\/p>\n<figure id=\"attachment_4124\" aria-describedby=\"caption-attachment-4124\" style=\"width: 800px\" class=\"wp-caption alignnone\"><img loading=\"lazy\" decoding=\"async\" class=\"size-full wp-image-4124\" src=\"https:\/\/www.jinpinlub.com\/wp-content\/uploads\/2025\/01\/brass-compression-bushing-5.jpg\" alt=\"\u1ed1ng l\u00f3t n\u00e9n b\u1eb1ng \u0111\u1ed3ng thau (5)\" width=\"800\" height=\"800\" srcset=\"https:\/\/www.jinpinlub.com\/wp-content\/uploads\/2025\/01\/brass-compression-bushing-5.jpg 800w, https:\/\/www.jinpinlub.com\/wp-content\/uploads\/2025\/01\/brass-compression-bushing-5-300x300.jpg 300w, https:\/\/www.jinpinlub.com\/wp-content\/uploads\/2025\/01\/brass-compression-bushing-5-150x150.jpg 150w, https:\/\/www.jinpinlub.com\/wp-content\/uploads\/2025\/01\/brass-compression-bushing-5-768x768.jpg 768w, https:\/\/www.jinpinlub.com\/wp-content\/uploads\/2025\/01\/brass-compression-bushing-5-12x12.jpg 12w, https:\/\/www.jinpinlub.com\/wp-content\/uploads\/2025\/01\/brass-compression-bushing-5-600x600.jpg 600w, https:\/\/www.jinpinlub.com\/wp-content\/uploads\/2025\/01\/brass-compression-bushing-5-100x100.jpg 100w\" sizes=\"auto, (max-width: 800px) 100vw, 800px\" \/><figcaption id=\"caption-attachment-4124\" class=\"wp-caption-text\">\u1ed1ng l\u00f3t n\u00e9n b\u1eb1ng \u0111\u1ed3ng thau (5)<\/figcaption><\/figure>\n<h2>H\u01b0\u1edbng d\u1eabn s\u1eed d\u1ee5ng<\/h2>\n<div class=\"sdm_download_button_box_default\"><div class=\"sdm_download_link\"><a href=\"https:\/\/www.jinpinlub.com\/vi\/?sdm_process_download=1&download_id=4140\" class=\"sdm_download white\" title=\"Ri\u00eang t\u01b0: PH PI PR PF Adapter\" target=\"&quot;_blank&quot;\">Xem B\u1ea3ng d\u1eef li\u1ec7u - B\u1ed9 chuy\u1ec3n \u0111\u1ed5i PH PI PR PF<\/a><\/div><\/div>","protected":false},"excerpt":{"rendered":"<p>\u1ed0ng ch\u00e8n d\u1ea7u b\u00f4i tr\u01a1n b\u1eb1ng nylon l\u00e0 \u1ed1ng l\u00f3t \u0111\u01b0\u1ee3c s\u1eed d\u1ee5ng b\u00ean trong \u1ed1ng b\u00f4i tr\u01a1n. V\u1eadt li\u1ec7u ch\u00ednh c\u1ee7a n\u00f3 l\u00e0 \u0111\u1ed3ng thau. N\u00f3 ch\u1ee7 y\u1ebfu \u0111\u01b0\u1ee3c s\u1eed d\u1ee5ng \u0111\u1ec3 k\u1ebft n\u1ed1i gi\u1eefa \u1ed1ng nylon v\u00e0 ph\u1ee5 ki\u1ec7n \u0111\u1ec3 \u0111\u1ea3m b\u1ea3o d\u1ea7u b\u00f4i tr\u01a1n s\u1ebd kh\u00f4ng b\u1ecb r\u00f2 r\u1ec9 khi ch\u1ea3y trong \u1ed1ng.<\/p>","protected":false},"featured_media":4134,"template":"","meta":{"ocean_post_layout":"","ocean_both_sidebars_style":"","ocean_both_sidebars_content_width":0,"ocean_both_sidebars_sidebars_width":0,"ocean_sidebar":"0","ocean_second_sidebar":"0","ocean_disable_margins":"enable","ocean_add_body_class":"","ocean_shortcode_before_top_bar":"","ocean_shortcode_after_top_bar":"","ocean_shortcode_before_header":"","ocean_shortcode_after_header":"","ocean_has_shortcode":"","ocean_shortcode_after_title":"","ocean_shortcode_before_footer_widgets":"","ocean_shortcode_after_footer_widgets":"","ocean_shortcode_before_footer_bottom":"","ocean_shortcode_after_footer_bottom":"","ocean_display_top_bar":"default","ocean_display_header":"default","ocean_header_style":"","ocean_center_header_left_menu":"0","ocean_custom_header_template":"0","ocean_custom_logo":0,"ocean_custom_retina_logo":0,"ocean_custom_logo_max_width":0,"ocean_custom_logo_tablet_max_width":0,"ocean_custom_logo_mobile_max_width":0,"ocean_custom_logo_max_height":0,"ocean_custom_logo_tablet_max_height":0,"ocean_custom_logo_mobile_max_height":0,"ocean_header_custom_menu":"0","ocean_menu_typo_font_family":"0","ocean_menu_typo_font_subset":"","ocean_menu_typo_font_size":0,"ocean_menu_typo_font_size_tablet":0,"ocean_menu_typo_font_size_mobile":0,"ocean_menu_typo_font_size_unit":"px","ocean_menu_typo_font_weight":"","ocean_menu_typo_font_weight_tablet":"","ocean_menu_typo_font_weight_mobile":"","ocean_menu_typo_transform":"","ocean_menu_typo_transform_tablet":"","ocean_menu_typo_transform_mobile":"","ocean_menu_typo_line_height":0,"ocean_menu_typo_line_height_tablet":0,"ocean_menu_typo_line_height_mobile":0,"ocean_menu_typo_line_height_unit":"","ocean_menu_typo_spacing":0,"ocean_menu_typo_spacing_tablet":0,"ocean_menu_typo_spacing_mobile":0,"ocean_menu_typo_spacing_unit":"","ocean_menu_link_color":"","ocean_menu_link_color_hover":"","ocean_menu_link_color_active":"","ocean_menu_link_background":"","ocean_menu_link_hover_background":"","ocean_menu_link_active_background":"","ocean_menu_social_links_bg":"","ocean_menu_social_hover_links_bg":"","ocean_menu_social_links_color":"","ocean_menu_social_hover_links_color":"","ocean_disable_title":"default","ocean_disable_heading":"default","ocean_post_title":"","ocean_post_subheading":"","ocean_post_title_style":"","ocean_post_title_background_color":"","ocean_post_title_background":0,"ocean_post_title_bg_image_position":"","ocean_post_title_bg_image_attachment":"","ocean_post_title_bg_image_repeat":"","ocean_post_title_bg_image_size":"","ocean_post_title_height":0,"ocean_post_title_bg_overlay":0.5,"ocean_post_title_bg_overlay_color":"","ocean_disable_breadcrumbs":"default","ocean_breadcrumbs_color":"","ocean_breadcrumbs_separator_color":"","ocean_breadcrumbs_links_color":"","ocean_breadcrumbs_links_hover_color":"","ocean_display_footer_widgets":"default","ocean_display_footer_bottom":"default","ocean_custom_footer_template":"0","osh_disable_topbar_sticky":"default","osh_disable_header_sticky":"default","osh_sticky_header_style":"default","osh_sticky_header_effect":"","osh_custom_sticky_logo":0,"osh_custom_retina_sticky_logo":0,"osh_custom_sticky_logo_height":0,"osh_background_color":"","osh_links_color":"","osh_links_hover_color":"","osh_links_active_color":"","osh_links_bg_color":"","osh_links_hover_bg_color":"","osh_links_active_bg_color":"","osh_menu_social_links_color":"","osh_menu_social_hover_links_color":""},"product_brand":[],"product_cat":[31],"product_tag":[400,404,407,405,406],"class_list":{"0":"post-4139","1":"product","2":"type-product","3":"status-publish","4":"has-post-thumbnail","6":"product_cat-lube-system-accessories","7":"product_tag-brass-connector","8":"product_tag-brass-tube-insert","9":"product_tag-oil-tube-fittings","10":"product_tag-ttube-inserts","11":"product_tag-tube-lining","13":"entry","14":"has-media","16":"first","17":"instock","18":"shipping-taxable","19":"product-type-external","20":"col","21":"span_1_of_3","22":"owp-content-center","23":"owp-thumbs-layout-horizontal","24":"owp-btn-very-big","25":"owp-tabs-layout-horizontal"},"_links":{"self":[{"href":"https:\/\/www.jinpinlub.com\/vi\/wp-json\/wp\/v2\/product\/4139","targetHints":{"allow":["GET"]}}],"collection":[{"href":"https:\/\/www.jinpinlub.com\/vi\/wp-json\/wp\/v2\/product"}],"about":[{"href":"https:\/\/www.jinpinlub.com\/vi\/wp-json\/wp\/v2\/types\/product"}],"wp:featuredmedia":[{"embeddable":true,"href":"https:\/\/www.jinpinlub.com\/vi\/wp-json\/wp\/v2\/media\/4134"}],"wp:attachment":[{"href":"https:\/\/www.jinpinlub.com\/vi\/wp-json\/wp\/v2\/media?parent=4139"}],"wp:term":[{"taxonomy":"product_brand","embeddable":true,"href":"https:\/\/www.jinpinlub.com\/vi\/wp-json\/wp\/v2\/product_brand?post=4139"},{"taxonomy":"product_cat","embeddable":true,"href":"https:\/\/www.jinpinlub.com\/vi\/wp-json\/wp\/v2\/product_cat?post=4139"},{"taxonomy":"product_tag","embeddable":true,"href":"https:\/\/www.jinpinlub.com\/vi\/wp-json\/wp\/v2\/product_tag?post=4139"}],"curies":[{"name":"wp","href":"https:\/\/api.w.org\/{rel}","templated":true}]}}