{"id":4175,"date":"2025-03-17T17:58:16","date_gmt":"2025-03-17T09:58:16","guid":{"rendered":"https:\/\/www.jinpinlub.com\/?post_type=product&#038;p=4175"},"modified":"2025-03-17T18:19:00","modified_gmt":"2025-03-17T10:19:00","slug":"lhl-x100-gf-00-grease-cartridge-700ml-for-cnc-machine-tools","status":"publish","type":"product","link":"https:\/\/www.jinpinlub.com\/vi\/product\/lhl-x100-gf-00-grease-cartridge-700ml-for-cnc-machine-tools\/","title":{"rendered":"H\u1ed9p m\u1ee1 LHL-X100 GF-00 700ml cho m\u00e1y c\u00f4ng c\u1ee5 CNC"},"content":{"rendered":"<h2>T\u00ednh n\u0103ng<\/h2>\n<p>1. H\u1ed9p m\u1ef1c \u0111\u01b0\u1ee3c s\u1eed d\u1ee5ng k\u1ebft h\u1ee3p v\u1edbi m\u00e1y b\u01a1m m\u1ee1 d\u00f2ng JGHS, EGM, J100 v\u00e0 J200.<br \/>\n2. Ph\u1ea1m vi nhi\u1ec7t \u0111\u1ed9 \u00e1p d\u1ee5ng cho m\u1ee1 l\u00e0 -25\u2103 -130\u2103.<br \/>\n3. H\u1ed9p m\u1ef1c n\u00e0y c\u00f3 \u0111i\u1ec3m r\u01a1i cao, kh\u1ea3 n\u0103ng ch\u1ecbu \u00e1p su\u1ea5t c\u1ef1c l\u1edbn, hi\u1ec7u qu\u1ea3 b\u00f4i tr\u01a1n tuy\u1ec7t v\u1eddi v\u00e0 \u0111\u1ed9 \u1ed5n \u0111\u1ecbnh c\u01a1 h\u1ecdc v\u00e0 \u0111\u1ed9 keo t\u1ed1t.<br \/>\n4. Thay th\u1ebf h\u1ed9p m\u1ef1c tr\u1ef1c ti\u1ebfp, d\u1ec5 v\u1eadn h\u00e0nh, th\u00e2n thi\u1ec7n v\u1edbi m\u00f4i tr\u01b0\u1eddng v\u00e0 v\u1ec7 sinh.<br \/>\n5. C\u00f4ng nghi\u1ec7p: h\u1ec7 th\u1ed1ng b\u00f4i tr\u01a1n t\u1eadp trung cho thi\u1ebft b\u1ecb c\u01a1 kh\u00ed trong c\u00e1c ng\u00e0nh c\u00f4ng nghi\u1ec7p nh\u01b0 nh\u1ef1a, th\u1ef1c ph\u1ea9m, r\u00f4 b\u1ed1t c\u00f4ng nghi\u1ec7p, m\u00e1y c\u1eaft kim lo\u1ea1i, r\u00e8n v\u00e0 khung g\u1ea7m \u00f4 t\u00f4.<\/p>\n<h2>Ph\u00f2ng ng\u1eeba<\/h2>\n<p>1. H\u1ed9p m\u1ee1 l\u00e0 s\u1ea3n ph\u1ea9m d\u00f9ng m\u1ed9t l\u1ea7n v\u00e0 nghi\u00eam c\u1ea5m vi\u1ec7c n\u1ea1p l\u1ea1i v\u00e0 t\u00e1i s\u1eed d\u1ee5ng.<br \/>\n2. Trong qu\u00e1 tr\u00ecnh b\u1ea3o qu\u1ea3n v\u00e0 s\u1eed d\u1ee5ng, ph\u1ea3i ng\u0103n ng\u1eeba b\u1ee5i b\u1ea9n v\u00e0 t\u1ea1p ch\u1ea5t x\u00e2m nh\u1eadp.<br \/>\n3. Kh\u00f4ng tr\u1ed9n l\u1eabn v\u1edbi c\u00e1c lo\u1ea1i m\u1ee1 b\u00f4i tr\u01a1n kh\u00e1c v\u00ec c\u00e1c ph\u1ea3n \u1ee9ng v\u1eadt l\u00fd ho\u1eb7c h\u00f3a h\u1ecdc c\u00f3 th\u1ec3 x\u1ea3y ra gi\u1eefa c\u00e1c lo\u1ea1i m\u1ee1 kh\u00e1c nhau, d\u1eabn \u0111\u1ebfn hi\u1ec7u su\u1ea5t gi\u1ea3m \u0111\u00e1ng k\u1ec3.<br \/>\n4. Tr\u00e1nh \u00e1nh n\u1eafng tr\u1ef1c ti\u1ebfp trong qu\u00e1 tr\u00ecnh b\u1ea3o qu\u1ea3n v\u00e0 s\u1eed d\u1ee5ng.<\/p>\n<h2>H\u01b0\u1edbng d\u1eabn s\u1eed d\u1ee5ng<\/h2>\n<div class=\"sdm_download_button_box_default\"><div class=\"sdm_download_link\"><a href=\"https:\/\/www.jinpinlub.com\/vi\/?sdm_process_download=1&download_id=4164\" class=\"sdm_download white\" title=\"Ri\u00eang t\u01b0: GF Elastic Cartridge\" target=\"&quot;_blank&quot;\">Xem B\u1ea3ng d\u1eef li\u1ec7u - H\u1ed9p m\u1ef1c GF<\/a><\/div><\/div>","protected":false},"excerpt":{"rendered":"<p>H\u1ed9p m\u1ef1c LHL-X100 th\u00edch h\u1ee3p cho m\u00e1y \u0111\u1ed9t d\u1eadp t\u1ed1c \u0111\u1ed9 cao, m\u00e1y phay CNC, m\u00e1y \u00e9p phun, v.v. Ch\u00fang c\u00f3 th\u1ec3 gi\u1ea3m hao m\u00f2n, gi\u1ea3m ma s\u00e1t, gi\u1ea3m m\u00e0i m\u00f2n v\u00e0 k\u00e9o d\u00e0i tu\u1ed5i th\u1ecd c\u01a1 h\u1ecdc. C\u1ea7n ch\u00fa \u00fd \u0111\u1ebfn vi\u1ec7c b\u1ecbt k\u00edn trong qu\u00e1 tr\u00ecnh s\u1eed d\u1ee5ng.<\/p>","protected":false},"featured_media":4167,"template":"","meta":{"ocean_post_layout":"","ocean_both_sidebars_style":"","ocean_both_sidebars_content_width":0,"ocean_both_sidebars_sidebars_width":0,"ocean_sidebar":"0","ocean_second_sidebar":"0","ocean_disable_margins":"enable","ocean_add_body_class":"","ocean_shortcode_before_top_bar":"","ocean_shortcode_after_top_bar":"","ocean_shortcode_before_header":"","ocean_shortcode_after_header":"","ocean_has_shortcode":"","ocean_shortcode_after_title":"","ocean_shortcode_before_footer_widgets":"","ocean_shortcode_after_footer_widgets":"","ocean_shortcode_before_footer_bottom":"","ocean_shortcode_after_footer_bottom":"","ocean_display_top_bar":"default","ocean_display_header":"default","ocean_header_style":"","ocean_center_header_left_menu":"0","ocean_custom_header_template":"0","ocean_custom_logo":0,"ocean_custom_retina_logo":0,"ocean_custom_logo_max_width":0,"ocean_custom_logo_tablet_max_width":0,"ocean_custom_logo_mobile_max_width":0,"ocean_custom_logo_max_height":0,"ocean_custom_logo_tablet_max_height":0,"ocean_custom_logo_mobile_max_height":0,"ocean_header_custom_menu":"0","ocean_menu_typo_font_family":"0","ocean_menu_typo_font_subset":"","ocean_menu_typo_font_size":0,"ocean_menu_typo_font_size_tablet":0,"ocean_menu_typo_font_size_mobile":0,"ocean_menu_typo_font_size_unit":"px","ocean_menu_typo_font_weight":"","ocean_menu_typo_font_weight_tablet":"","ocean_menu_typo_font_weight_mobile":"","ocean_menu_typo_transform":"","ocean_menu_typo_transform_tablet":"","ocean_menu_typo_transform_mobile":"","ocean_menu_typo_line_height":0,"ocean_menu_typo_line_height_tablet":0,"ocean_menu_typo_line_height_mobile":0,"ocean_menu_typo_line_height_unit":"","ocean_menu_typo_spacing":0,"ocean_menu_typo_spacing_tablet":0,"ocean_menu_typo_spacing_mobile":0,"ocean_menu_typo_spacing_unit":"","ocean_menu_link_color":"","ocean_menu_link_color_hover":"","ocean_menu_link_color_active":"","ocean_menu_link_background":"","ocean_menu_link_hover_background":"","ocean_menu_link_active_background":"","ocean_menu_social_links_bg":"","ocean_menu_social_hover_links_bg":"","ocean_menu_social_links_color":"","ocean_menu_social_hover_links_color":"","ocean_disable_title":"default","ocean_disable_heading":"default","ocean_post_title":"","ocean_post_subheading":"","ocean_post_title_style":"","ocean_post_title_background_color":"","ocean_post_title_background":0,"ocean_post_title_bg_image_position":"","ocean_post_title_bg_image_attachment":"","ocean_post_title_bg_image_repeat":"","ocean_post_title_bg_image_size":"","ocean_post_title_height":0,"ocean_post_title_bg_overlay":0.5,"ocean_post_title_bg_overlay_color":"","ocean_disable_breadcrumbs":"default","ocean_breadcrumbs_color":"","ocean_breadcrumbs_separator_color":"","ocean_breadcrumbs_links_color":"","ocean_breadcrumbs_links_hover_color":"","ocean_display_footer_widgets":"default","ocean_display_footer_bottom":"default","ocean_custom_footer_template":"0","osh_disable_topbar_sticky":"default","osh_disable_header_sticky":"default","osh_sticky_header_style":"default","osh_sticky_header_effect":"","osh_custom_sticky_logo":0,"osh_custom_retina_sticky_logo":0,"osh_custom_sticky_logo_height":0,"osh_background_color":"","osh_links_color":"","osh_links_hover_color":"","osh_links_active_color":"","osh_links_bg_color":"","osh_links_hover_bg_color":"","osh_links_active_bg_color":"","osh_menu_social_links_color":"","osh_menu_social_hover_links_color":""},"product_brand":[],"product_cat":[31],"product_tag":[417,418,414,415,416],"class_list":{"0":"post-4175","1":"product","2":"type-product","3":"status-publish","4":"has-post-thumbnail","6":"product_cat-lube-system-accessories","7":"product_tag-700cc-grease-cartridge","8":"product_tag-elastic-grease-cartridge","9":"product_tag-lhl-grease-cartridge","10":"product_tag-p107-grease-cartridge","11":"product_tag-p207-grease-cartridge","13":"entry","14":"has-media","16":"first","17":"instock","18":"shipping-taxable","19":"product-type-external","20":"col","21":"span_1_of_3","22":"owp-content-center","23":"owp-thumbs-layout-horizontal","24":"owp-btn-very-big","25":"owp-tabs-layout-horizontal"},"_links":{"self":[{"href":"https:\/\/www.jinpinlub.com\/vi\/wp-json\/wp\/v2\/product\/4175","targetHints":{"allow":["GET"]}}],"collection":[{"href":"https:\/\/www.jinpinlub.com\/vi\/wp-json\/wp\/v2\/product"}],"about":[{"href":"https:\/\/www.jinpinlub.com\/vi\/wp-json\/wp\/v2\/types\/product"}],"wp:featuredmedia":[{"embeddable":true,"href":"https:\/\/www.jinpinlub.com\/vi\/wp-json\/wp\/v2\/media\/4167"}],"wp:attachment":[{"href":"https:\/\/www.jinpinlub.com\/vi\/wp-json\/wp\/v2\/media?parent=4175"}],"wp:term":[{"taxonomy":"product_brand","embeddable":true,"href":"https:\/\/www.jinpinlub.com\/vi\/wp-json\/wp\/v2\/product_brand?post=4175"},{"taxonomy":"product_cat","embeddable":true,"href":"https:\/\/www.jinpinlub.com\/vi\/wp-json\/wp\/v2\/product_cat?post=4175"},{"taxonomy":"product_tag","embeddable":true,"href":"https:\/\/www.jinpinlub.com\/vi\/wp-json\/wp\/v2\/product_tag?post=4175"}],"curies":[{"name":"wp","href":"https:\/\/api.w.org\/{rel}","templated":true}]}}