{"id":4176,"date":"2025-03-18T02:15:14","date_gmt":"2025-03-17T18:15:14","guid":{"rendered":"https:\/\/www.jinpinlub.com\/?post_type=product&#038;p=4176"},"modified":"2025-03-18T03:20:21","modified_gmt":"2025-03-17T19:20:21","slug":"keo-dan-nhua-epoxy-ab-cho-ray-dan-huong-nhua-turcite","status":"publish","type":"product","link":"https:\/\/www.jinpinlub.com\/vi\/product\/epoxy-resin-ab-glue-adhesive-for-guide-rail-turcite-plastic\/","title":{"rendered":"Keo Epoxy Resin AB Keo D\u00e1n Cho \u0110\u01b0\u1eddng Ray D\u1eabn H\u01b0\u1edbng Nh\u1ef1a Turcite"},"content":{"rendered":"<h2>T\u00ednh n\u0103ng<\/h2>\n<p>1. \u0110\u01b0\u1ee3c l\u00e0m t\u1eeb nguy\u00ean li\u1ec7u th\u00f4 th\u00e2n thi\u1ec7n v\u1edbi m\u00f4i tr\u01b0\u1eddng cao c\u1ea5p \u0111\u00e1p \u1ee9ng c\u00e1c y\u00eau c\u1ea7u ROHS, \u00edt m\u00f9i v\u00e0 kh\u00f4ng l\u1eafng \u0111\u1ecdng sau th\u1eddi gian l\u01b0u tr\u1eef l\u00e2u d\u00e0i.<br \/>\n2. M\u00e0u s\u1eafc b\u00ean ngo\u00e0i s\u1ea3n ph\u1ea9m: Th\u00e0nh ph\u1ea7n A (ch\u1ea5t k\u1ebft d\u00ednh) l\u00e0 ch\u1ea5t l\u1ecfng nh\u1edbt m\u00e0u tr\u1eafng s\u1eefa, th\u00e0nh ph\u1ea7n B (ch\u1ea5t \u0111\u00f3ng r\u1eafn) l\u00e0 ch\u1ea5t l\u1ecfng nh\u1edbt m\u00e0u n\u00e2u v\u00e0 kh\u00f4ng ch\u1ee9a dung m\u00f4i (h\u00e0ng h\u00f3a kh\u00f4ng nguy hi\u1ec3m).<br \/>\n3. C\u1ea5u tr\u00fac nh\u1ef1a l\u01b0\u1edbi si\u00eau \u1ed5n \u0111\u1ecbnh, v\u1eadt li\u1ec7u \u0111\u1ed3ng \u0111\u1ec1u, c\u01b0\u1eddng \u0111\u1ed9 li\u00ean k\u1ebft cao, kh\u1ea3 n\u0103ng ch\u1ed1ng d\u1ea7u l\u00e2u d\u00e0i, kh\u1ea3 n\u0103ng ch\u1ed1ng axit v\u00e0 ki\u1ec1m, \u0111\u1ed9 b\u1ec1n nhi\u1ec7t \u0111\u1ed9 th\u1ea5p t\u1ed1t, kh\u00f4ng gi\u00f2n, thao t\u00e1c d\u1ec5 d\u00e0ng v\u00e0 \u0111\u01a1n gi\u1ea3n. C\u00f3 th\u1ec3 s\u1eed d\u1ee5ng t\u00f9y \u00fd trong ph\u1ea1m vi nhi\u1ec7t \u0111\u1ed9 t\u1eeb -30\u2103~+70\u2103.<br \/>\n4. Bao b\u00ec chai nh\u1ef1a c\u00f3 ren ph\u1ea3i tr\u00e1nh xa \u00e1nh s\u00e1ng, nhi\u1ec7t \u0111\u1ed9 v\u00e0 \u0111\u1ed9 \u1ea9m. N\u00f3 s\u1ebd kh\u00f4ng b\u1ecb kh\u00f4 v\u00e0 c\u1ee9ng l\u1ea1i sau khi l\u01b0u tr\u1eef l\u00e2u d\u00e0i, th\u1eddi gian l\u01b0u tr\u1eef hi\u1ec7u qu\u1ea3 l\u00e0 1 n\u0103m.<\/p>\n<h2>Ho\u1ea1t \u0111\u1ed9ng<\/h2>\n<p>T\u1ef7 l\u1ec7: Tr\u1ed9n \u0111\u1ec1u v\u1edbi t\u1ef7 l\u1ec7 th\u1ec3 t\u00edch A:B = 1:1. Thao t\u00e1c kh\u00e1 ti\u1ec7n l\u1ee3i, nhanh ch\u00f3ng v\u00e0 d\u1ec5 d\u00e0ng. Nghi\u00eam c\u1ea5m s\u1eed d\u1ee5ng c\u00f9ng m\u1ed9t thanh khu\u1ea5y \u0111\u1ec3 khu\u1ea5y th\u00e0nh ph\u1ea7n A v\u00e0 B. T\u1ed1c \u0111\u1ed9 \u0111\u00f3ng r\u1eafn c\u00f3 th\u1ec3 \u0111\u01b0\u1ee3c \u0111i\u1ec1u ch\u1ec9nh. V\u00ed d\u1ee5, t\u1ef7 l\u1ec7 th\u00e0nh ph\u1ea7n ch\u1ea5t \u0111\u00f3ng r\u1eafn B c\u00f3 th\u1ec3 \u0111\u01b0\u1ee3c t\u0103ng l\u00ean m\u1ed9t c\u00e1ch th\u00edch h\u1ee3p v\u00e0o m\u00f9a \u0111\u00f4ng.<br \/>\nD\u00e1n keo: Keo \u0111\u1eb7c bi\u1ec7t c\u00f3 th\u1ec3 \u0111\u01b0\u1ee3c \u00e1p d\u1ee5ng theo chi\u1ec1u d\u1ecdc tr\u00ean thanh ray d\u1eabn h\u01b0\u1edbng kim lo\u1ea1i v\u00e0 theo chi\u1ec1u ngang tr\u00ean b\u0103ng t\u1ea3i m\u1ec1m c\u1ee7a thanh ray d\u1eabn h\u01b0\u1edbng \u0111\u1ec3 \u0111\u1ea3m b\u1ea3o keo \u0111\u1eb7c bi\u1ec7t \u0111\u01b0\u1ee3c ph\u00e2n ph\u1ed1i \u0111\u1ec1u. \u0110\u1ed9 d\u00e0y c\u1ee7a l\u1edbp keo n\u00ean \u0111\u01b0\u1ee3c ki\u1ec3m so\u00e1t trong kho\u1ea3ng t\u1eeb 0,08 \u0111\u1ebfn 0,12 mm.<br \/>\nB\u1ea3o d\u01b0\u1ee1ng: C\u00f3 th\u1ec3 b\u1ea3o d\u01b0\u1ee1ng \u1edf nhi\u1ec7t \u0111\u1ed9 ph\u00f2ng. Th\u1eddi gian b\u1ea3o d\u01b0\u1ee1ng ban \u0111\u1ea7u l\u00e0 24 gi\u1edd, sau 72 gi\u1edd \u0111\u1ea1t \u0111\u01b0\u1ee3c c\u01b0\u1eddng \u0111\u1ed9 li\u00ean k\u1ebft t\u1ed1i \u0111a. \u00c1p su\u1ea5t b\u1ea3o d\u01b0\u1ee1ng ph\u1ea3i l\u00e0 0,06-0,1Mpa. N\u1ebfu \u0111\u1ed9 d\u00e0y c\u1ee7a \u0111ai m\u1ec1m ray d\u1eabn h\u01b0\u1edbng \u0111\u00e3 ch\u1ecdn v\u01b0\u1ee3t qu\u00e1 2,5mm, c\u00f3 th\u1ec3 t\u0103ng \u00e1p su\u1ea5t b\u1ea3o d\u01b0\u1ee1ng.<\/p>\n<h2>H\u01b0\u1edbng d\u1eabn s\u1eed d\u1ee5ng<\/h2>\n<div class=\"sdm_download_button_box_default\"><div class=\"sdm_download_link\"><a href=\"https:\/\/www.jinpinlub.com\/vi\/?sdm_process_download=1&download_id=4178\" class=\"sdm_download white\" title=\"Ri\u00eang t\u01b0: Turcite AB Glue\" target=\"&quot;_blank&quot;\">Xem B\u1ea3ng d\u1eef li\u1ec7u - Keo Turcite AB<\/a><\/div><\/div>","protected":false},"excerpt":{"rendered":"<p>Keo AB nh\u1ef1a epoxy composite hai th\u00e0nh ph\u1ea7n \u0111\u01b0\u1ee3c ph\u00e1t tri\u1ec3n \u0111\u1ec3 c\u00e1n nh\u1ef1a ray d\u1eabn h\u01b0\u1edbng CNC. N\u00f3 c\u00f3 \u0111\u1ed9 b\u1ec1n li\u00ean k\u1ebft cao tuy\u1ec7t v\u1eddi cho \u0111ai m\u1ec1m ray d\u1eabn h\u01b0\u1edbng m\u00e1y c\u00f4ng c\u1ee5, gang, \u0111\u1ed3ng, nh\u00f4m, th\u00e9p, th\u00e9p kh\u00f4ng g\u1ec9, nh\u1ef1a, cao su, \u0111\u00e1, g\u1ed7 v\u00e0 k\u00ednh.<\/p>","protected":false},"featured_media":4171,"template":"","meta":{"ocean_post_layout":"","ocean_both_sidebars_style":"","ocean_both_sidebars_content_width":0,"ocean_both_sidebars_sidebars_width":0,"ocean_sidebar":"0","ocean_second_sidebar":"0","ocean_disable_margins":"enable","ocean_add_body_class":"","ocean_shortcode_before_top_bar":"","ocean_shortcode_after_top_bar":"","ocean_shortcode_before_header":"","ocean_shortcode_after_header":"","ocean_has_shortcode":"","ocean_shortcode_after_title":"","ocean_shortcode_before_footer_widgets":"","ocean_shortcode_after_footer_widgets":"","ocean_shortcode_before_footer_bottom":"","ocean_shortcode_after_footer_bottom":"","ocean_display_top_bar":"default","ocean_display_header":"default","ocean_header_style":"","ocean_center_header_left_menu":"0","ocean_custom_header_template":"0","ocean_custom_logo":0,"ocean_custom_retina_logo":0,"ocean_custom_logo_max_width":0,"ocean_custom_logo_tablet_max_width":0,"ocean_custom_logo_mobile_max_width":0,"ocean_custom_logo_max_height":0,"ocean_custom_logo_tablet_max_height":0,"ocean_custom_logo_mobile_max_height":0,"ocean_header_custom_menu":"0","ocean_menu_typo_font_family":"0","ocean_menu_typo_font_subset":"","ocean_menu_typo_font_size":0,"ocean_menu_typo_font_size_tablet":0,"ocean_menu_typo_font_size_mobile":0,"ocean_menu_typo_font_size_unit":"px","ocean_menu_typo_font_weight":"","ocean_menu_typo_font_weight_tablet":"","ocean_menu_typo_font_weight_mobile":"","ocean_menu_typo_transform":"","ocean_menu_typo_transform_tablet":"","ocean_menu_typo_transform_mobile":"","ocean_menu_typo_line_height":0,"ocean_menu_typo_line_height_tablet":0,"ocean_menu_typo_line_height_mobile":0,"ocean_menu_typo_line_height_unit":"","ocean_menu_typo_spacing":0,"ocean_menu_typo_spacing_tablet":0,"ocean_menu_typo_spacing_mobile":0,"ocean_menu_typo_spacing_unit":"","ocean_menu_link_color":"","ocean_menu_link_color_hover":"","ocean_menu_link_color_active":"","ocean_menu_link_background":"","ocean_menu_link_hover_background":"","ocean_menu_link_active_background":"","ocean_menu_social_links_bg":"","ocean_menu_social_hover_links_bg":"","ocean_menu_social_links_color":"","ocean_menu_social_hover_links_color":"","ocean_disable_title":"default","ocean_disable_heading":"default","ocean_post_title":"","ocean_post_subheading":"","ocean_post_title_style":"","ocean_post_title_background_color":"","ocean_post_title_background":0,"ocean_post_title_bg_image_position":"","ocean_post_title_bg_image_attachment":"","ocean_post_title_bg_image_repeat":"","ocean_post_title_bg_image_size":"","ocean_post_title_height":0,"ocean_post_title_bg_overlay":0.5,"ocean_post_title_bg_overlay_color":"","ocean_disable_breadcrumbs":"default","ocean_breadcrumbs_color":"","ocean_breadcrumbs_separator_color":"","ocean_breadcrumbs_links_color":"","ocean_breadcrumbs_links_hover_color":"","ocean_display_footer_widgets":"default","ocean_display_footer_bottom":"default","ocean_custom_footer_template":"0","osh_disable_topbar_sticky":"default","osh_disable_header_sticky":"default","osh_sticky_header_style":"default","osh_sticky_header_effect":"","osh_custom_sticky_logo":0,"osh_custom_retina_sticky_logo":0,"osh_custom_sticky_logo_height":0,"osh_background_color":"","osh_links_color":"","osh_links_hover_color":"","osh_links_active_color":"","osh_links_bg_color":"","osh_links_hover_bg_color":"","osh_links_active_bg_color":"","osh_menu_social_links_color":"","osh_menu_social_hover_links_color":""},"product_brand":[],"product_cat":[31],"product_tag":[422,420,423,421,419],"class_list":{"0":"post-4176","1":"product","2":"type-product","3":"status-publish","4":"has-post-thumbnail","6":"product_cat-lube-system-accessories","7":"product_tag-ab-adhesive","8":"product_tag-ab-glue","9":"product_tag-epoxy-resin-adhesive","10":"product_tag-epoxy-resin-glue","11":"product_tag-turcite-glue","13":"entry","14":"has-media","16":"first","17":"instock","18":"shipping-taxable","19":"product-type-external","20":"col","21":"span_1_of_3","22":"owp-content-center","23":"owp-thumbs-layout-horizontal","24":"owp-btn-very-big","25":"owp-tabs-layout-horizontal"},"_links":{"self":[{"href":"https:\/\/www.jinpinlub.com\/vi\/wp-json\/wp\/v2\/product\/4176","targetHints":{"allow":["GET"]}}],"collection":[{"href":"https:\/\/www.jinpinlub.com\/vi\/wp-json\/wp\/v2\/product"}],"about":[{"href":"https:\/\/www.jinpinlub.com\/vi\/wp-json\/wp\/v2\/types\/product"}],"wp:featuredmedia":[{"embeddable":true,"href":"https:\/\/www.jinpinlub.com\/vi\/wp-json\/wp\/v2\/media\/4171"}],"wp:attachment":[{"href":"https:\/\/www.jinpinlub.com\/vi\/wp-json\/wp\/v2\/media?parent=4176"}],"wp:term":[{"taxonomy":"product_brand","embeddable":true,"href":"https:\/\/www.jinpinlub.com\/vi\/wp-json\/wp\/v2\/product_brand?post=4176"},{"taxonomy":"product_cat","embeddable":true,"href":"https:\/\/www.jinpinlub.com\/vi\/wp-json\/wp\/v2\/product_cat?post=4176"},{"taxonomy":"product_tag","embeddable":true,"href":"https:\/\/www.jinpinlub.com\/vi\/wp-json\/wp\/v2\/product_tag?post=4176"}],"curies":[{"name":"wp","href":"https:\/\/api.w.org\/{rel}","templated":true}]}}